{"id":13933,"date":"2018-05-31T15:11:27","date_gmt":"2018-05-31T14:11:27","guid":{"rendered":"http:\/\/2018.vft-gmbh.de\/?page_id=13933"},"modified":"2022-11-16T14:19:07","modified_gmt":"2022-11-16T13:19:07","slug":"bad-sanitaer","status":"publish","type":"page","link":"https:\/\/www.vft-gmbh.de\/?page_id=13933","title":{"rendered":"Bad \/ Sanit\u00e4r"},"content":{"rendered":"<div class=\"fusion-fullwidth fullwidth-box nonhundred-percent-fullwidth non-hundred-percent-height-scrolling\"  style='background-color: #ffffff;background-position: left top;background-repeat: no-repeat;padding-top:20px;padding-right:10px;padding-bottom:20px;padding-left:10px;border-top-width:0px;border-bottom-width:0px;border-color:#eae9e9;border-top-style:solid;border-bottom-style:solid;'><div class=\"fusion-builder-row fusion-row \"><div  class=\"fusion-layout-column fusion_builder_column fusion_builder_column_1_1 fusion-builder-column-1 fusion-one-full fusion-column-first fusion-column-last fusion-column-no-min-height 1_1\"  style='margin-top:0px;margin-bottom:0px;'>\n\t\t\t\t\t<div class=\"fusion-column-wrapper\" style=\"background-position:left top;background-repeat:no-repeat;-webkit-background-size:cover;-moz-background-size:cover;-o-background-size:cover;background-size:cover;\"   data-bg-url=\"\">\n\t\t\t\t\t\t<div class=\"fusion-text\"><h1 style=\"text-align: center;\">DAS NEUE BAD<\/h1>\n<\/div><div class=\"fusion-sep-clear\"><\/div><div class=\"fusion-separator sep-single sep-solid\" style=\"border-color:#969696;border-top-width:1px;margin-left: auto;margin-right: auto;margin-top:5px;margin-bottom:50px;width:100%;max-width:15%;\"><\/div><div class=\"fusion-text\"><p>Ein neues Badezimmer steht bei vielen ganz oben auf der Wunschliste. Gerne kommen wir zum Aufma\u00df vorbei und machen Vorschl\u00e4ge zu Funktionszonen, Raumaufteilung und Gestaltung.<br \/>\nModische Fliesen und elegante Sanit\u00e4robjekte \u2013 wir zeigen was zu Ihnen passt in vielen Variationen.<br \/>\nBodengleiche Duschen sowie barrierefreie bzw. barrierearme B\u00e4der sind unsere Spezialit\u00e4t. Bei der Baderneuerung aus einer Hand organisieren wir alle beteiligten Gewerke.<\/p>\n<\/div><div class=\"fusion-clearfix\"><\/div>\n\n\t\t\t\t\t<\/div>\n\t\t\t\t<\/div><div  class=\"fusion-layout-column fusion_builder_column fusion_builder_column_1_2 fusion-builder-column-2 fusion-one-half fusion-column-first 1_2\"  style='margin-top:0px;margin-bottom:20px;width:48%; margin-right: 4%;'>\n\t\t\t\t\t<div class=\"fusion-column-wrapper\" style=\"background-position:left top;background-repeat:no-repeat;-webkit-background-size:cover;-moz-background-size:cover;-o-background-size:cover;background-size:cover;\"   data-bg-url=\"\">\n\t\t\t\t\t\t<div class=\"fusion-text\"><h2>Komplettbad<\/h2>\n<p><a href=\"http:\/\/2018.vft-gmbh.de\/wp-content\/uploads\/2018\/05\/bad01.jpg\"><img loading=\"lazy\" decoding=\"async\" class=\"wp-image-13934 alignleft\" src=\"http:\/\/2018.vft-gmbh.de\/wp-content\/uploads\/2018\/05\/bad01.jpg\" alt=\"\" width=\"300\" height=\"225\" srcset=\"https:\/\/www.vft-gmbh.de\/wp-content\/uploads\/2018\/05\/bad01-300x225.jpg 300w, https:\/\/www.vft-gmbh.de\/wp-content\/uploads\/2018\/05\/bad01-768x576.jpg 768w, https:\/\/www.vft-gmbh.de\/wp-content\/uploads\/2018\/05\/bad01.jpg 1024w\" sizes=\"auto, (max-width: 300px) 100vw, 300px\" \/><\/a>Sie wollen Ihr Bad modernisieren? F\u00fcr eine Neugestaltung, Modernisierung oder Renovierung Ihres Traumbades gilt es, viele Fragen vorab zu beantworten und dann die richtige pers\u00f6nliche Entscheidung zu treffen.<\/p>\n<p>Welchen Stil bevorzuge ich? Welche Materialien setze ich ein? F\u00fcr welche Farbgestaltung entscheide ich mich? Muss ich f\u00fcr die Sanit\u00e4rinstallationen und die Trockenbauarbeiten weitere Firmen beauftragen?<\/p>\n<p>Alle diese Fragen werden bei dem Projekt \u201eKomplettbad\u201c auf Sie zukommen.<\/p>\n<p>Wir bieten Ihnen unseren bew\u00e4hrten Komplettservice an, bei dem Sie sich auf das Wesentliche konzentrieren k\u00f6nnen: Die Gestaltung \u2013 wir k\u00fcmmern uns um den Rest.<\/p>\n<h2>Wellness f\u00fcr Zuhause<\/h2>\n<p><a href=\"http:\/\/2018.vft-gmbh.de\/wp-content\/uploads\/2018\/05\/bad02.jpg\"><img loading=\"lazy\" decoding=\"async\" class=\"wp-image-13935 alignleft\" src=\"http:\/\/2018.vft-gmbh.de\/wp-content\/uploads\/2018\/05\/bad02.jpg\" alt=\"\" width=\"300\" height=\"225\" srcset=\"https:\/\/www.vft-gmbh.de\/wp-content\/uploads\/2018\/05\/bad02-300x225.jpg 300w, https:\/\/www.vft-gmbh.de\/wp-content\/uploads\/2018\/05\/bad02-768x576.jpg 768w, https:\/\/www.vft-gmbh.de\/wp-content\/uploads\/2018\/05\/bad02.jpg 1024w\" sizes=\"auto, (max-width: 300px) 100vw, 300px\" \/><\/a>L\u00e4ngst vorbei sind die Zeiten, als Badezimmer reine funktionale Nasszellen waren. Heute ist Ihr Bad ein wesentlicher Teil des Wohnkomforts &#8211; ein Ort zum Wohlf\u00fchlen, Abschalten und Entspannen. Tauchen Sie \u00f6fters mal ein in Ihre private Wellnesswelt und g\u00f6nnen Sie sich eine Auszeit. Umso besser, dass Sie solche Pausen jederzeit zu Hause einbauen k\u00f6nnen, ohne lange Wege zu einem \u00f6ffentlichen Spa in Kauf nehmen zu m\u00fcssen. F\u00fcr Wellness f\u00fcr Ihr Zuhause finden Sie bei uns zahlreiche L\u00f6sungen:<\/p>\n<ul>\n<li>Neueste Fliesendesigns<\/li>\n<li>Inspirierende Wohnbeispiele<\/li>\n<li>Stufenlose Duschl\u00f6sungen<\/li>\n<li>Professionelle Beratung rund um das Thema Wellness f\u00fcr Zuhause<\/li>\n<\/ul>\n<\/div><div class=\"fusion-clearfix\"><\/div>\n\n\t\t\t\t\t<\/div>\n\t\t\t\t<\/div><div  class=\"fusion-layout-column fusion_builder_column fusion_builder_column_1_2 fusion-builder-column-3 fusion-one-half fusion-column-last 1_2\"  style='margin-top:0px;margin-bottom:20px;width:48%'>\n\t\t\t\t\t<div class=\"fusion-column-wrapper\" style=\"background-position:left top;background-repeat:no-repeat;-webkit-background-size:cover;-moz-background-size:cover;-o-background-size:cover;background-size:cover;\"   data-bg-url=\"\">\n\t\t\t\t\t\t<div class=\"fusion-text\"><h2>Bodengleiche Duschsysteme<\/h2>\n<p><a href=\"http:\/\/2018.vft-gmbh.de\/wp-content\/uploads\/2018\/05\/bad03.jpg\"><img loading=\"lazy\" decoding=\"async\" class=\"wp-image-13936 alignleft\" src=\"http:\/\/2018.vft-gmbh.de\/wp-content\/uploads\/2018\/05\/bad03.jpg\" alt=\"\" width=\"300\" height=\"199\" srcset=\"https:\/\/www.vft-gmbh.de\/wp-content\/uploads\/2018\/05\/bad03-300x199.jpg 300w, https:\/\/www.vft-gmbh.de\/wp-content\/uploads\/2018\/05\/bad03-768x509.jpg 768w, https:\/\/www.vft-gmbh.de\/wp-content\/uploads\/2018\/05\/bad03.jpg 1024w\" sizes=\"auto, (max-width: 300px) 100vw, 300px\" \/><\/a>Wer seinem Badezimmer einen modernen und exklusiven &#8222;Anstrich&#8220; geben m\u00f6chte, liegt mit einer bodengleichen Duschl\u00f6sung voll im Trend. Ihr Bad erh\u00e4lt dadurch klare Linien und \u00e4u\u00dferste Transparenz und somit einen optischen Zugewinn an Platz und Raum. Besonders spannende Akzente schaffen Sie nat\u00fcrlich mit einer Fliesenl\u00f6sung, die sich harmonisch und edel in die bereits vorhandene Bodenverfliesung einf\u00fcgt oder mit einer Komplement\u00e4rfarbe stylische Kontraste setzt.<\/p>\n<h2>F\u00f6rderung f\u00fcr den barrierefreien Badumbau<\/h2>\n<p><a href=\"http:\/\/2018.vft-gmbh.de\/wp-content\/uploads\/2018\/05\/bad04.jpg\"><img loading=\"lazy\" decoding=\"async\" class=\"wp-image-13937 alignleft\" src=\"http:\/\/2018.vft-gmbh.de\/wp-content\/uploads\/2018\/05\/bad04.jpg\" alt=\"\" width=\"300\" height=\"369\" srcset=\"https:\/\/www.vft-gmbh.de\/wp-content\/uploads\/2018\/05\/bad04-244x300.jpg 244w, https:\/\/www.vft-gmbh.de\/wp-content\/uploads\/2018\/05\/bad04-768x945.jpg 768w, https:\/\/www.vft-gmbh.de\/wp-content\/uploads\/2018\/05\/bad04.jpg 832w\" sizes=\"auto, (max-width: 300px) 100vw, 300px\" \/><\/a>Wer bei der Badsanierung auf Barriefreiheit setzt, kann bei der KfW einen zinsg\u00fcnstigen Kredit beantragen. Die F\u00f6rderung \u00fcber bis zu 50.000 Euro erhalten Hausbesitzer im Programm 159 Altersgerecht Umbauen. Experte Alexander Neumann erl\u00e4utert, worauf beim barrierefreien Badumbau geachtet werden muss.<\/p>\n<p>Hausbesitzer, die ihr Bad barrierefrei umbauen, k\u00f6nnen mit dem KfW-Kredit bis zu 100 Prozent der f\u00f6rderf\u00e4higen Investitionskosten finanzieren, dazu geh\u00f6ren auch Nebenkosten wie Planungs- und Beratungsleistungen. Maximal 50.000 Euro F\u00f6rderkredit pro Wohneinheit gew\u00e4hrt die KfW. Den Antrag auf\u00a0 F\u00f6rderung stellen Hausbesitzer \u00fcber ihre Hausbank vor der Badsanierung.<\/p>\n<p>Wer keinen Kredit ben\u00f6tigt, kann f\u00fcr die Sanierungsma\u00dfnahmen zur Barrierefreiheit bei der KfW-Bank einen Zuschuss beantragen (Programm 455). Finanziert werden bis zu acht Prozent der f\u00f6rderf\u00e4higen Investitionskosten (max. 4.000 Euro pro Wohneinheit). Alternativ k\u00f6nnen f\u00fcr den F\u00f6rderstandard &#8222;Altersgerechtes Haus&#8220; Zusch\u00fcsse in H\u00f6he von zehn Prozent der f\u00f6rderf\u00e4higen Investitionskosten bei der KfW-Bank beantragt werden (max. 5.000 Euro pro Wohneinheit).<\/p>\n<\/div><div class=\"fusion-clearfix\"><\/div>\n\n\t\t\t\t\t<\/div>\n\t\t\t\t<\/div><\/div><\/div>\n","protected":false},"excerpt":{"rendered":"","protected":false},"author":1,"featured_media":0,"parent":0,"menu_order":2,"comment_status":"closed","ping_status":"closed","template":"","meta":{"footnotes":""},"class_list":["post-13933","page","type-page","status-publish","hentry"],"_links":{"self":[{"href":"https:\/\/www.vft-gmbh.de\/index.php?rest_route=\/wp\/v2\/pages\/13933","targetHints":{"allow":["GET"]}}],"collection":[{"href":"https:\/\/www.vft-gmbh.de\/index.php?rest_route=\/wp\/v2\/pages"}],"about":[{"href":"https:\/\/www.vft-gmbh.de\/index.php?rest_route=\/wp\/v2\/types\/page"}],"author":[{"embeddable":true,"href":"https:\/\/www.vft-gmbh.de\/index.php?rest_route=\/wp\/v2\/users\/1"}],"replies":[{"embeddable":true,"href":"https:\/\/www.vft-gmbh.de\/index.php?rest_route=%2Fwp%2Fv2%2Fcomments&post=13933"}],"version-history":[{"count":5,"href":"https:\/\/www.vft-gmbh.de\/index.php?rest_route=\/wp\/v2\/pages\/13933\/revisions"}],"predecessor-version":[{"id":14056,"href":"https:\/\/www.vft-gmbh.de\/index.php?rest_route=\/wp\/v2\/pages\/13933\/revisions\/14056"}],"wp:attachment":[{"href":"https:\/\/www.vft-gmbh.de\/index.php?rest_route=%2Fwp%2Fv2%2Fmedia&parent=13933"}],"curies":[{"name":"wp","href":"https:\/\/api.w.org\/{rel}","templated":true}]}}