{"id":13945,"date":"2018-05-31T16:25:38","date_gmt":"2018-05-31T15:25:38","guid":{"rendered":"http:\/\/2018.vft-gmbh.de\/?page_id=13945"},"modified":"2022-11-16T14:19:06","modified_gmt":"2022-11-16T13:19:06","slug":"kaminoefen","status":"publish","type":"page","link":"https:\/\/www.vft-gmbh.de\/?page_id=13945","title":{"rendered":"Kamin\u00f6fen"},"content":{"rendered":"<div class=\"fusion-fullwidth fullwidth-box nonhundred-percent-fullwidth non-hundred-percent-height-scrolling\"  style='background-color: #ffffff;background-position: left top;background-repeat: no-repeat;padding-top:20px;padding-right:10px;padding-bottom:20px;padding-left:10px;border-top-width:0px;border-bottom-width:0px;border-color:#eae9e9;border-top-style:solid;border-bottom-style:solid;'><div class=\"fusion-builder-row fusion-row \"><div  class=\"fusion-layout-column fusion_builder_column fusion_builder_column_1_1 fusion-builder-column-1 fusion-one-full fusion-column-first fusion-column-last fusion-column-no-min-height 1_1\"  style='margin-top:0px;margin-bottom:0px;'>\n\t\t\t\t\t<div class=\"fusion-column-wrapper\" style=\"background-position:left top;background-repeat:no-repeat;-webkit-background-size:cover;-moz-background-size:cover;-o-background-size:cover;background-size:cover;\"   data-bg-url=\"\">\n\t\t\t\t\t\t<div class=\"fusion-text\"><h1 style=\"text-align: center;\">Kamin\u00f6fen<\/h1>\n<\/div><div class=\"fusion-sep-clear\"><\/div><div class=\"fusion-separator sep-single sep-solid\" style=\"border-color:#969696;border-top-width:1px;margin-left: auto;margin-right: auto;margin-top:5px;margin-bottom:50px;width:100%;max-width:15%;\"><\/div><div class=\"fusion-text\"><p>Was ist spannender und entspannender zugleich als das Knistern und Prasseln eines Kaminfeuers? Mit Buderus k\u00f6nnen Sie sich diesen Wohlf\u00fchlkomfort in Ihre vier W\u00e4nde holen \u2013 hinter den gro\u00dfen Sichtglasscheiben unserer attraktiven Kamin\u00f6fen.<br \/>\nDie \u00fcberzeugen nicht nur auf den ersten, sondern auch auf den zweiten Blick: als \u00e4sthetische M\u00f6belst\u00fccke mit ansprechendem Design und als innovative W\u00e4rmeerzeuger, die Ihnen behagliche W\u00e4rme schenken. Unsere Kamin- und Guss\u00f6fen erf\u00fcllen jeden Ihrer W\u00fcnsche.<br \/>\nSie k\u00f6nnen aus einer gro\u00dfen Modellvielfalt genau das passende Design f\u00fcr Ihr Wohnzimmer w\u00e4hlen und sich zwischen verschiedenen Brennstoffen und Einsatzm\u00f6glichkeiten entscheiden. Serienm\u00e4\u00dfig fester Bestandteil sind hingegen Komfort, Effizienz und Sicherheit \u2013 und nat\u00fcrlich viele, viele Wohlf\u00fchlstunden.<\/p>\n<\/div><div class=\"fusion-clearfix\"><\/div>\n\n\t\t\t\t\t<\/div>\n\t\t\t\t<\/div><div  class=\"fusion-layout-column fusion_builder_column fusion_builder_column_1_2 fusion-builder-column-2 fusion-one-half fusion-column-first 1_2\"  style='margin-top:0px;margin-bottom:20px;width:48%; margin-right: 4%;'>\n\t\t\t\t\t<div class=\"fusion-column-wrapper\" style=\"background-position:left top;background-repeat:no-repeat;-webkit-background-size:cover;-moz-background-size:cover;-o-background-size:cover;background-size:cover;\"   data-bg-url=\"\">\n\t\t\t\t\t\t<div class=\"fusion-text\"><h2>Drei neue Kamin\u00f6fen in elegantem Design<\/h2>\n<p><a href=\"http:\/\/2018.vft-gmbh.de\/wp-content\/uploads\/2018\/05\/kaminofen01.jpg\"><img loading=\"lazy\" decoding=\"async\" class=\"wp-image-13946 alignleft\" src=\"http:\/\/2018.vft-gmbh.de\/wp-content\/uploads\/2018\/05\/kaminofen01.jpg\" alt=\"\" width=\"300\" height=\"225\" srcset=\"https:\/\/www.vft-gmbh.de\/wp-content\/uploads\/2018\/05\/kaminofen01-300x225.jpg 300w, https:\/\/www.vft-gmbh.de\/wp-content\/uploads\/2018\/05\/kaminofen01-768x576.jpg 768w, https:\/\/www.vft-gmbh.de\/wp-content\/uploads\/2018\/05\/kaminofen01.jpg 1024w\" sizes=\"auto, (max-width: 300px) 100vw, 300px\" \/><\/a>Die drei neuen Holzkamin\u00f6fen Columna, Figura und Versura erg\u00e4nzen die Logastyle Produktlinie von Buderus. Sie zeichnen sich durch einen Feuerraum aus Design-Schamotte, selbstverriegelnde Feuerraumt\u00fcren und ihre charakteristische Form aus.<\/p>\n<p>Kunden haben die Wahl zwischen Nennw\u00e4rmeleistungen von 5 kW beim Logastyle Columna und 5,9 kW beim Figura und Versura. Die Kamin\u00f6fen f\u00fcgen sich dank unterschiedlicher Form- und Farbkombinationen harmonisch in jeden Wohnraum ein: Der Logastyle Figura hat eine klassische Quaderform, der Columna ist rund und der Versura besticht durch abgerundete Ecken und Kanten.<\/p>\n<h2>Unterschiedliche Designs und Farben<\/h2>\n<p>Buderus bringt die Kamin\u00f6fen mit Stahlverkleidung in den vier Farben schwarz, stahlgrau, braun und ecru auf den Markt. Elegante T\u00fcrgriffe sowie Edelstahlstreifen an den Seiten runden das Design ab.<br \/>\nW\u00e4hrend der Columna Holzscheite mittels Rostfeuerung verbrennt und mit einem Aschekasten ausgestattet ist, findet die Verbrennung in Figura und Versura \u00fcber eine besonders effiziente Muldenfeuerung statt. Damit der Verbrennungsraum optimal zug\u00e4nglich ist, haben die T\u00fcren der Kamin\u00f6fen eine Arretierungs-Funktion. F\u00fcr einen festen Stand auch auf unebenen B\u00f6den, etwa in Altbauten, sind die F\u00fc\u00dfe h\u00f6henverstellbar. Wenn die W\u00e4rme noch l\u00e4nger gespeichert werden soll, lassen sich die drei \u00d6fen mit Speichersteinen nachr\u00fcsten. Der Abgasanschluss ist flexibel platzierbar: Beim Columna auf der Ober- oder Hinterseite, bei Figura und Versura l\u00e4sst er sich zudem alternativ auch an der rechten Seite anbringen. Der Verbrennungsluftanschluss ist nach unten und hinten m\u00f6glich. Die Kamin\u00f6fen sind vom Deutschen Institut f\u00fcr Bautechnik (DIBt) f\u00fcr die raumluftunabh\u00e4ngige Nutzung zugelassen und erf\u00fcllen die zweite Stufe der Bundesimmissions-Schutzverordnung.<\/p>\n<\/div><div class=\"fusion-clearfix\"><\/div>\n\n\t\t\t\t\t<\/div>\n\t\t\t\t<\/div><div  class=\"fusion-layout-column fusion_builder_column fusion_builder_column_1_2 fusion-builder-column-3 fusion-one-half fusion-column-last 1_2\"  style='margin-top:0px;margin-bottom:20px;width:48%'>\n\t\t\t\t\t<div class=\"fusion-column-wrapper\" style=\"background-position:left top;background-repeat:no-repeat;-webkit-background-size:cover;-moz-background-size:cover;-o-background-size:cover;background-size:cover;\"   data-bg-url=\"\">\n\t\t\t\t\t\t<div class=\"fusion-text\"><h2>Wasserf\u00fchrender Kaminofen im Design der Titanium Linie<\/h2>\n<p><a href=\"http:\/\/2018.vft-gmbh.de\/wp-content\/uploads\/2018\/05\/kaminofen02.jpg\"><img loading=\"lazy\" decoding=\"async\" class=\"wp-image-13947 alignleft\" src=\"http:\/\/2018.vft-gmbh.de\/wp-content\/uploads\/2018\/05\/kaminofen02.jpg\" alt=\"\" width=\"300\" height=\"225\" srcset=\"https:\/\/www.vft-gmbh.de\/wp-content\/uploads\/2018\/05\/kaminofen02-300x225.jpg 300w, https:\/\/www.vft-gmbh.de\/wp-content\/uploads\/2018\/05\/kaminofen02-768x576.jpg 768w, https:\/\/www.vft-gmbh.de\/wp-content\/uploads\/2018\/05\/kaminofen02.jpg 1024w\" sizes=\"auto, (max-width: 300px) 100vw, 300px\" \/><\/a>Der Systemexperte Buderus hat seine Titanium Linie um den wasserf\u00fchrenden Kaminofen Logastyle Lucrum erweitert. Der Ofen ist komplett mit solidem Einscheiben-Sicherheitsglas (ESG) verkleidet. Er ist in wei\u00df und schwarz erh\u00e4ltlich und l\u00e4sst sich ideal zur Heizungsunterst\u00fctzung in bestehende Heizsysteme einbinden. Durch seine moderne Formgebung mit preisgekr\u00f6ntem Design f\u00fcgt sich der Kaminofen harmonisch in den Wohnraum ein.<\/p>\n<h2>Optimale W\u00e4rmeverteilung<\/h2>\n<p>Der Logastyle Lucrum punktet mit optimaler W\u00e4rmeverteilung: Bei einer Nennw\u00e4rmleistung von 8 kW gibt er 35 Prozent der W\u00e4rme an den Aufstellraum ab, 65 Prozent erhitzen \u00fcber einen integrierten Heizwasser-W\u00e4rmetauscher das Heizungswasser im Puffer- oder Kombispeicher des Heizsystems f\u00fcr die Unterst\u00fctzung der Raumheizung und der Trinkwassererw\u00e4rmung. Der Kaminofen kann raumluftunabh\u00e4ngig installiert werden und passt sich dank seiner h\u00f6henverstellbaren F\u00fc\u00dfe dem Fu\u00dfboden an. Die Feuerraumt\u00fcr aus Gusseisen schlie\u00dft selbstverriegelnd. Er wird mit handels\u00fcblichen 33 Zentimeter langen Holzscheiten befeuert.<\/p>\n<h2>Prickelnder Blick aufs Feuer<\/h2>\n<p>Der Feuerraum des Logastyle Lucrum aus Feuerbeton und Vermiculite ist geometrisch optimal konzipiert. Die doppelt verglaste Kaminofen-Scheibe wird stets von Luft umsp\u00fclt, wodurch sich kaum Ablagerungen bilden. So bleibt der Blick aufs Feuer auch bei geringem Pflegeaufwand frei.<\/p>\n<\/div><div class=\"fusion-clearfix\"><\/div>\n\n\t\t\t\t\t<\/div>\n\t\t\t\t<\/div><\/div><\/div>\n","protected":false},"excerpt":{"rendered":"","protected":false},"author":1,"featured_media":0,"parent":0,"menu_order":2,"comment_status":"closed","ping_status":"closed","template":"","meta":{"footnotes":""},"class_list":["post-13945","page","type-page","status-publish","hentry"],"_links":{"self":[{"href":"https:\/\/www.vft-gmbh.de\/index.php?rest_route=\/wp\/v2\/pages\/13945","targetHints":{"allow":["GET"]}}],"collection":[{"href":"https:\/\/www.vft-gmbh.de\/index.php?rest_route=\/wp\/v2\/pages"}],"about":[{"href":"https:\/\/www.vft-gmbh.de\/index.php?rest_route=\/wp\/v2\/types\/page"}],"author":[{"embeddable":true,"href":"https:\/\/www.vft-gmbh.de\/index.php?rest_route=\/wp\/v2\/users\/1"}],"replies":[{"embeddable":true,"href":"https:\/\/www.vft-gmbh.de\/index.php?rest_route=%2Fwp%2Fv2%2Fcomments&post=13945"}],"version-history":[{"count":2,"href":"https:\/\/www.vft-gmbh.de\/index.php?rest_route=\/wp\/v2\/pages\/13945\/revisions"}],"predecessor-version":[{"id":14055,"href":"https:\/\/www.vft-gmbh.de\/index.php?rest_route=\/wp\/v2\/pages\/13945\/revisions\/14055"}],"wp:attachment":[{"href":"https:\/\/www.vft-gmbh.de\/index.php?rest_route=%2Fwp%2Fv2%2Fmedia&parent=13945"}],"curies":[{"name":"wp","href":"https:\/\/api.w.org\/{rel}","templated":true}]}}