{"id":13951,"date":"2018-05-31T16:31:01","date_gmt":"2018-05-31T15:31:01","guid":{"rendered":"http:\/\/2018.vft-gmbh.de\/?page_id=13951"},"modified":"2022-11-16T14:19:06","modified_gmt":"2022-11-16T13:19:06","slug":"pelletoefen","status":"publish","type":"page","link":"https:\/\/www.vft-gmbh.de\/?page_id=13951","title":{"rendered":"Pellet\u00f6fen"},"content":{"rendered":"<div class=\"fusion-fullwidth fullwidth-box nonhundred-percent-fullwidth non-hundred-percent-height-scrolling\"  style='background-color: #ffffff;background-position: left top;background-repeat: no-repeat;padding-top:20px;padding-right:10px;padding-bottom:20px;padding-left:10px;border-top-width:0px;border-bottom-width:0px;border-color:#eae9e9;border-top-style:solid;border-bottom-style:solid;'><div class=\"fusion-builder-row fusion-row \"><div  class=\"fusion-layout-column fusion_builder_column fusion_builder_column_1_1 fusion-builder-column-1 fusion-one-full fusion-column-first fusion-column-last fusion-column-no-min-height 1_1\"  style='margin-top:0px;margin-bottom:0px;'>\n\t\t\t\t\t<div class=\"fusion-column-wrapper\" style=\"background-position:left top;background-repeat:no-repeat;-webkit-background-size:cover;-moz-background-size:cover;-o-background-size:cover;background-size:cover;\"   data-bg-url=\"\">\n\t\t\t\t\t\t<div class=\"fusion-text\"><h1 style=\"text-align: center;\">Pellet\u00f6fen<\/h1>\n<\/div><div class=\"fusion-sep-clear\"><\/div><div class=\"fusion-separator sep-single sep-solid\" style=\"border-color:#969696;border-top-width:1px;margin-left: auto;margin-right: auto;margin-top:5px;margin-bottom:50px;width:100%;max-width:15%;\"><\/div><div class=\"fusion-text\"><p>Wenn Sie Ihr Kaminfeuer genie\u00dfen m\u00f6chten, ohne sich um das Nachlegen von Holzscheiten k\u00fcmmern zu m\u00fcssen, dann heizen Sie bequem mit Pellets. Die Buderus Pellet\u00f6fen sind eine echte Alternative zu den traditionellen Holzkamin\u00f6fen.<br \/>\nUm den Wohlf\u00fchlkomfort auf die Spitze zu treiben, k\u00f6nnen Sie die Pellet\u00f6fen per Funkfernbedienung z\u00fcnden und vom Sofa aus regeln. In einer Zeit schwindender Ressourcen und wachsender Umweltbelastung ist es in der Verantwortung aller, sich f\u00fcr neue und intelligente Energiekonzepte einzusetzen.<br \/>\nDass der bewusste Umgang mit Energie nicht gleichzeitig ein Verlust an Komfort und Lebensqualit\u00e4t bedeutet, beweist schon heute ein neues und wegweisendes Prinzip: Buderus und Wodtke Pelletofen-Technik &#8211; die Zukunftsw\u00e4rme.<br \/>\nDie Pellet\u00f6fen k\u00f6nnen ideal in vorhandene oder neu zu planende Heizungssysteme unterschiedlicher Hersteller eingebunden werden.<\/p>\n<\/div><div class=\"fusion-clearfix\"><\/div>\n\n\t\t\t\t\t<\/div>\n\t\t\t\t<\/div><div  class=\"fusion-layout-column fusion_builder_column fusion_builder_column_1_2 fusion-builder-column-2 fusion-one-half fusion-column-first 1_2\"  style='margin-top:0px;margin-bottom:20px;width:48%; margin-right: 4%;'>\n\t\t\t\t\t<div class=\"fusion-column-wrapper\" style=\"background-position:left top;background-repeat:no-repeat;-webkit-background-size:cover;-moz-background-size:cover;-o-background-size:cover;background-size:cover;\"   data-bg-url=\"\">\n\t\t\t\t\t\t<div class=\"fusion-text\"><h2>Die umweltfreundliche Alternative f\u00fcr behagliche W\u00e4rme per Knopfdruck<\/h2>\n<p><a href=\"http:\/\/2018.vft-gmbh.de\/wp-content\/uploads\/2018\/05\/pelletofen01.jpg\"><img loading=\"lazy\" decoding=\"async\" class=\"wp-image-13952 alignleft\" src=\"http:\/\/2018.vft-gmbh.de\/wp-content\/uploads\/2018\/05\/pelletofen01.jpg\" alt=\"\" width=\"300\" height=\"205\" srcset=\"https:\/\/www.vft-gmbh.de\/wp-content\/uploads\/2018\/05\/pelletofen01-300x205.jpg 300w, https:\/\/www.vft-gmbh.de\/wp-content\/uploads\/2018\/05\/pelletofen01-768x525.jpg 768w, https:\/\/www.vft-gmbh.de\/wp-content\/uploads\/2018\/05\/pelletofen01.jpg 1024w\" sizes=\"auto, (max-width: 300px) 100vw, 300px\" \/><\/a>Pellet\u00f6fen punkten im Wohnraum mit schickem Design und erzeugen eine gem\u00fctliche W\u00e4rme, indem sie mit sehr gutem Wirkungsgrad Pellets verbrennen. Ein Pelletofen als kosteng\u00fcnstige kleinere Variante einer Pelletheizung ist eine zuverl\u00e4ssige Zusatzheizung in der kalten Jahreszeit. Er l\u00e4sst sich leicht bef\u00fcllen und kann auf Knopfdruck oder per Funkfernbedienung elektrisch gez\u00fcndet und vom Sofa aus geregelt werden. Vom Vorratsbeh\u00e4lter gelangen die Pellets automatisch in den Brenntopf. Das l\u00e4stige Nachlegen von Holzscheiten entf\u00e4llt. Der Vorrat reicht selbst im Dauerbetrieb meist f\u00fcr mehrere Tage. Ein Pelletofen l\u00e4sst sich ideal in eine vorhandene Heizung integrieren oder bei einer neuen Heizung gleich mit einplanen.<\/p>\n<h2>Was ist ein Pelletofen?<\/h2>\n<p>Ein Pelletofen unterscheidet sich grunds\u00e4tzlich von anderen \u00d6fen durch seinen Brennstoff. Hier werden nicht Holzscheite verbrannt, sondern kleine Pellets. Pellets bestehen aus getrocknetem, naturbelassenem Restholz, und werden mit Wasser und Maisst\u00e4rke in ihre Form gepresst. Ein Kilogramm Holzpellets entspricht in etwa dem Enenergiegehalt von einem halben Liter Heiz\u00f6l. Bei der Befeuerung mit Pellets entsteht kein Schmutz wie bei Kohle oder Holzscheiten.<\/p>\n<h2>Wie funktioniert ein Pelletofen?<\/h2>\n<p>Die Bef\u00fcllung des Pelletofen erfolgt in der Regel per Hand. Die Pellet-Sackware ist in jedem Baumarkt oder beim Brennstoffhandel zu beziehen. M\u00f6glich ist allerdings auch eine automatische Bef\u00fcllung, beispielsweise durch einen Fallkanal vom Dachboden oder durch ein\u00a0Saug-F\u00f6rdersystem\u00a0vom Keller aus.<\/p>\n<p>Eine elektronische Regelung und Verbrennungsluftsteuerung sorgt beim Pelletofen f\u00fcr einen reibungslosen, wirtschaftlichen Betrieb sowie f\u00fcr einen optimalen, umweltfreundlichen Abbrand. Die Verbrennung ist nahezu CO2 neutral. \u00dcber eine Zeitschaltuhr und die Vorauswahl der gew\u00fcnschten Temperatur kann der Pelletofen den Wohnraum automatisch zu vorbestimmten Zeiten erw\u00e4rmen. Erreicht die Raumtemperatur einen vorab festgelegten Wert, schaltet der Pelletofen automatisch ab. Als Option l\u00e4sst sich ein Pelletofen auch von unterwegs per Smartphone steuern.<\/p>\n<h2>Welche Vorteile bietet das Heizen mit einem Pelletofen?<\/h2>\n<ul>\n<li>Preise f\u00fcr Pellets aktuell und im langj\u00e4hrigen Duschschnitt g\u00fcnstiger als Heiz\u00f6l oder Erdgas<\/li>\n<li>optimal f\u00fcr das Heizen in der \u00dcbergangszeit<\/li>\n<li>einfache Bedienung dank Steuerungselektronik und automatischer Z\u00fcndung<\/li>\n<li>geringerer Aufwand mit Holzpellets im Vergleich zu Holz oder Briketts<\/li>\n<li>schnelle, behagliche W\u00e4rme<\/li>\n<li>Kosteng\u00fcnstigere Heizenergie im Vergleich zu anderen Energietr\u00e4gern wie \u00d6l oder Gas<\/li>\n<li>Heizen mit nachwachsenden Rohstoffen. Bezug aus regionalen W\u00e4ldern m\u00f6glich ohne lange Transportwege<\/li>\n<\/ul>\n<h2>Welche Arten von Pellet\u00f6fen gibt es?<\/h2>\n<p>Zum Verbrennen der Pellets ist Luft notwendig. Deshalb wird beim Pelletofen unterteilt, woher er seinen Sauerstoff bezieht. Es gibt raumluftabh\u00e4ngige sowie raumluftunabh\u00e4ngige Pellet\u00f6fen. Der raumluftunabh\u00e4ngige Pelletofen bezieht seine Frischluft \u00fcber den Kamin, der baulich hierf\u00fcr geeignet sein muss. Ein weiteres Unterscheidungsmerkmal ist, ob ein Pelletofen \u00fcber ein Gebl\u00e4se verf\u00fcgt oder nicht. Ein wasserf\u00fchrender Pelletofen heizt nicht nur den Raum auf, sondern wird an das vorhandene Heizsystem angeschlossen. Die Wassertasche erw\u00e4rmt sich langsam und unterst\u00fctzt die Heizung.<\/p>\n<h2>Was kostet ein Pelletofen?<\/h2>\n<p>Der Preis f\u00fcr einen raumluftunabh\u00e4ngigen Pelletofen mit 6 kW Nennleistung betr\u00e4gt ab etwa 3.000 Euro. Zus\u00e4tzliche Kosten entstehen, wenn eine Verkleidung aus Keramik oder Naturstein gew\u00e4hlt wird, die eine edlere Optik verleiht. Hier ist mit einem Aufschlag bei den Kosten von 300 \u2013 400 Euro zu rechnen. Wasserf\u00fchrende Pellet\u00f6fen kosten in der Anschaffung mehr als Pellet Einzel\u00f6fen, die nur einen einzelnen Raum beheizen und nicht an die Heizung angeschlossen sind. Ein wasserf\u00fchrender Pelletofen von einem deutschen Markenhersteller mit 9 kW Nennleistung und schicken Kacheln in unterschiedlichen Designs, gro\u00dfz\u00fcgiger Sichtscheibe, Aschekasten sowie gro\u00dfem Pellets-Vorratsbeh\u00e4lter schl\u00e4gt mit Preisen ab etwa 5.000 Euro zu Buche. Hinzu kommen noch die Kosten f\u00fcr die Montage, die bei einem wasserf\u00fchrenden Pelletofen nat\u00fcrlich h\u00f6her sind als bei einem nur der Raumheizung dienenden Pelletofen. Bei der Gesamtbetrachtung der Kosten ist zu ber\u00fccksichtigen, dass nur wasserf\u00fchrende Pellet\u00f6fen eine F\u00f6rderung erhalten, aktuell mindestens 2.000 Euro.<\/p>\n<h2>Pelletofen kaufen \u2013 was ist zu ber\u00fccksichtigen?<\/h2>\n<p>Stiftung Warentest hat einen Pelletofen Test durchgef\u00fchrt und hierbei Energieeffizienz, Handhabung, Sicherheit, Verarbeitung, Widerstandsf\u00e4higkeit sowie weitere Umwelteigenschaften und die allgemeinen technischen Leistungswerte getestet. Allerdings datiert der Test aus dem Jahr 11\/2011, sodass sich die heute angebotenen Pellet\u00f6fen aufgrund des technischen Fortschritts wohl deutlich von den getesteten Ger\u00e4ten unterscheiden. Wichtig ist beim Kauf, den Pelletofen mit seiner Heizleistung auf die Raumgr\u00f6\u00dfe anzupassen. Der Pelletofen sollte nicht \u00fcberdimensioniert sein. Als Orientierungsgr\u00f6\u00dfe gilt, f\u00fcr jeden Quadratmeter zu beheizender Wohnfl\u00e4che mit 0,1 kW ben\u00f6tigter Heizleistung zu rechnen. Hochwertige Pellet\u00f6fen erreichen einen Wirkungsgrad von \u00fcber 95 Prozent, es sind aber auch preisg\u00fcnstigere Ger\u00e4te am Markt, die beim Wirkungsgrad nur 85 Prozent erreichen. Beim Kauf ist auf den angegebenen Wirkungsgrad zu achten, denn je h\u00f6her der Wirkungsgrad, desto niedriger ist der Verbrauch an Pellets. Beim Kaufen sollte auch die Menge, die der Pellet-Vorratsbeh\u00e4lter aufnehmen kann, ein individuelles Entscheidungskriterium sein. Die Bundesimmissionsschutzverordnung (BImSchV) schreibt f\u00fcr Pellet\u00f6fen strenge Richtwerte vor. Seit 2015 d\u00fcrfen nur noch Anlagen in Betrieb gehen mit einer Emission von maximal 0,25 Gramm Kohlenmonoxid je Kubikmeter Rauch. Ein Wert, den ein moderner Pelletofen heute erf\u00fcllt, der aber vor einem Kauf gecheckt werden sollte.<\/p>\n<h2>Wer baut einen Pelletofen ein?<\/h2>\n<p>Der Einbau eines Pelletofens erfordert viel Geschick und Know-How und ist deshalb selten in Eigenregie auszuf\u00fchren. Auch muss der Pelletofen nach dem Einbau vom Schornsteinfeger abgenommen werden. Er inspiziert und best\u00e4tigt, dass der Pelletofen fachgerecht angeschlossen wurde. Gerne bauen wir Ihren Pelletofen fachm\u00e4nnisch bei Ihnen ein. \u00a0Im Vorfeld beraten wir auch zu Technik, Leistung sowie Ausstattung und unterbreiten Ihnen ein verbindliches Angebot inklusive Einbau.<\/p>\n<\/div><div class=\"fusion-clearfix\"><\/div>\n\n\t\t\t\t\t<\/div>\n\t\t\t\t<\/div><div  class=\"fusion-layout-column fusion_builder_column fusion_builder_column_1_2 fusion-builder-column-3 fusion-one-half fusion-column-last 1_2\"  style='margin-top:0px;margin-bottom:20px;width:48%'>\n\t\t\t\t\t<div class=\"fusion-column-wrapper\" style=\"background-position:left top;background-repeat:no-repeat;-webkit-background-size:cover;-moz-background-size:cover;-o-background-size:cover;background-size:cover;\"   data-bg-url=\"\">\n\t\t\t\t\t\t<div class=\"fusion-text\"><h2>Holzpellets sorgen unkompliziert f\u00fcr warme R\u00e4ume<\/h2>\n<p><a href=\"http:\/\/2018.vft-gmbh.de\/wp-content\/uploads\/2018\/05\/pelletofen02.jpg\"><img loading=\"lazy\" decoding=\"async\" class=\"wp-image-13953 alignleft\" src=\"http:\/\/2018.vft-gmbh.de\/wp-content\/uploads\/2018\/05\/pelletofen02.jpg\" alt=\"\" width=\"300\" height=\"169\" srcset=\"https:\/\/www.vft-gmbh.de\/wp-content\/uploads\/2018\/05\/pelletofen02-300x169.jpg 300w, https:\/\/www.vft-gmbh.de\/wp-content\/uploads\/2018\/05\/pelletofen02-768x433.jpg 768w, https:\/\/www.vft-gmbh.de\/wp-content\/uploads\/2018\/05\/pelletofen02.jpg 1024w\" sizes=\"auto, (max-width: 300px) 100vw, 300px\" \/><\/a>Heizen mit Holz erlebt eine Renaissance, davon zeugt auch das Interesse vieler Hausbesitzer f\u00fcr einen Pelletofen. Optisch unterscheidet sich ein Pelletofen kaum von einem Kaminofen, als Brennstoff kommen Holzpellets zum Einsatz. Liebhaber sch\u00e4tzen die schnelle W\u00e4rmeabgabe und angenehme Strahlungsw\u00e4rme. Der Pelletofen kann leicht montiert werden und sorgt f\u00fcr komfortables Heizen, ein wasserf\u00fchrendes Modell erg\u00e4nzt perfekt die Heizung.<\/p>\n<p>Verschiedenste Modelle erm\u00f6glichen es, dass f\u00fcr so gut wie alle Wohnsituationen und Bed\u00fcrfnisse der richtige Pelletofen zur Verf\u00fcgung steht: Einzelofen oder wasserf\u00fchrender Pelletofen, Heizeinsatz f\u00fcr den Kachelofen, Kaminofen oder Heizkamin. Wichtig ist, dass der Pelletofen richtig ausgelegt ist und zum Bedarf der Nutzer passt &#8211; dann kann er effizient und komfortabel f\u00fcr angenehme W\u00e4rme sorgen. Die Befeuerung erfolgt automatisch und die W\u00e4rme l\u00e4sst sich bei vielen Ofenmodellen gezielt steuern. So werden die Pellets bei jeder Leistung optimal verbrannt und sorgen f\u00fcr gleichbleibende W\u00e4rme. Der eingebaute Brennstoffbeh\u00e4lter fasst bis zu 50 Kilogramm Pellets, die aus handlichen S\u00e4cken bef\u00fcllt werden. Die automatische Z\u00fcndung erfolgt mit einem kleinen elektrischen Heizelement in wenigen Minuten bei minimalem Stromverbrauch.<\/p>\n<h2>Pelletofen hat Platzvorteil<\/h2>\n<p>Kommt aus Platzgr\u00fcnden keine Pelletheizung in Frage, kann ein Pelletofen als Alternative zum Einsatz kommen. Der Vorteil ist, dass kein gro\u00dfer Lager- oder Heizungsraum erforderlich ist. In der Regel erw\u00e4rmt ein Pelletofen einzelne R\u00e4ume wie K\u00fcche oder Wohnraum und sorgt dort f\u00fcr gem\u00fctliche Feuerstellen-Atmosph\u00e4re. Das spart auch Heizkosten, denn in der \u00dcbergangszeit bleibt die normale Heizung aus. Ist das Haus schon umfassend saniert und weist nur noch einen geringen Energiebedarf auf, kommt ein Pelletofen auch als Hauptw\u00e4rmequelle in Frage. Da das Pelletlager in den Pelletofen integriert ist, ist der Ofen allerdings etwas gr\u00f6\u00dfer als ein herk\u00f6mmlicher Kaminofen.<\/p>\n<h2>Wasserf\u00fchrender Pelletofen unterst\u00fctzt die Heizung und spart Heizkosten<\/h2>\n<p>Besonders empfehlenswert, um Heizkosten zu sparen, ist ein wasserf\u00fchrender Pelletofen. Dieser kann in das Heizsystem eingebunden werden, so dass eine Hybridheizung entsteht. Der wasserf\u00fchrende Pelletofen speist \u00fcber einen W\u00e4rmetauscher einen Teil der Verbrennungsw\u00e4rme in den Pufferspeicher ein, so dass die W\u00e4rme im ganzen Heizungssystem zur Verf\u00fcgung steht. In einem sanierten Haus mit geringem W\u00e4rmebedarf kann ein wasserf\u00fchrender Pelletofen in Kombination mit einer Solarthermie-Anlage auch die komplette W\u00e4rmeversorgung eines Hauses \u00fcbernehmen. Im Sommer, wenn der Pelletofen ausgeschaltet ist, wird das Warmwasser ausschlie\u00dflich solar erw\u00e4rmt. Reicht die Leistung der Solaranlage nicht aus, heizt automatisch der Ofen nach.<\/p>\n<h2>Pelletofen leicht im Altbau nachr\u00fcsten<\/h2>\n<p>Bevor Hausbesitzer einen Pelletofen kaufen, sollten sie sich \u00fcber die Anforderungen und den Bedarf Gedanken machen: Welche Fl\u00e4che soll beheizt werden? Gibt es schon einen Kaminanschluss? Auch ein Blick auf die Emissionswerte ist Pflicht: Denn f\u00fcr so genannte Einzelraumfeuerungsanlagen gelten strenge Anforderungen an Schadstoffaussto\u00df und<br \/>\nWirkungsgrad. Wer ab dem 1. Januar 2015 ein neues Ger\u00e4t kauft, muss die Emissionsgrenzwerte der Stufe 2 der 1. Verordnung zum Bundes-Immissionschutzgesetz (1. BImschV) beachten (davor gilt Stufe 1). Eine entsprechende Bescheinigung des Herstellers muss dem Schornsteinfeger vorgelegt werden. Besonders emissionsarme Pellet\u00f6fen sind mit dem Blauen Engel gekennzeichnet. Ist der richtige Pelletofen gefunden, l\u00e4sst sich die Installation innerhalb eines Tages bew\u00e4ltigen. Nach der Inbetriebnahme sollte der Pelletofen einmal j\u00e4hrlich eine Grundreinigung erhalten.<\/p>\n<h2>Kosten f\u00fcr einen Pelletofen<\/h2>\n<p>Die Kosten f\u00fcr einen leistungsf\u00e4higen Pelletofen variieren je nach Bauart und Ofenmodell. Im Schnitt beginnen die Preise bei rund 2.500 Euro, ein wasserf\u00fchrender Pelletofen schl\u00e4gt mit Kosten ab circa 4.000 Euro zu Buche.<\/p>\n<h2>F\u00f6rderung f\u00fcr einen wasserf\u00fchrenden Pelletofen<\/h2>\n<p>Aus dem Marktanreizprogramm (MAP) des Bundesamtes f\u00fcr Wirtschaft und Ausfuhrkontrolle (BAFA) erhalten Hausbesitzer auch eine F\u00f6rderung: F\u00fcr einen wasserf\u00fchrenden Pelletofen gibt es einen Zuschuss von 2.000 Euro. Bedingung ist, dass der Pelletofen automatisch beschickt wird, eine Leistungs- und Feuerungsregelung sowie eine automatische Z\u00fcndung besitzt. Wird zum Pelletofen noch eine Solarthermie-Anlage kombiniert, erhalten Hausbesitzer zus\u00e4tzlich einen Kombinationsbonus in H\u00f6he von 500 Euro.<\/p>\n<\/div><div class=\"fusion-clearfix\"><\/div>\n\n\t\t\t\t\t<\/div>\n\t\t\t\t<\/div><\/div><\/div>\n","protected":false},"excerpt":{"rendered":"","protected":false},"author":1,"featured_media":0,"parent":0,"menu_order":2,"comment_status":"closed","ping_status":"closed","template":"","meta":{"footnotes":""},"class_list":["post-13951","page","type-page","status-publish","hentry"],"_links":{"self":[{"href":"https:\/\/www.vft-gmbh.de\/index.php?rest_route=\/wp\/v2\/pages\/13951","targetHints":{"allow":["GET"]}}],"collection":[{"href":"https:\/\/www.vft-gmbh.de\/index.php?rest_route=\/wp\/v2\/pages"}],"about":[{"href":"https:\/\/www.vft-gmbh.de\/index.php?rest_route=\/wp\/v2\/types\/page"}],"author":[{"embeddable":true,"href":"https:\/\/www.vft-gmbh.de\/index.php?rest_route=\/wp\/v2\/users\/1"}],"replies":[{"embeddable":true,"href":"https:\/\/www.vft-gmbh.de\/index.php?rest_route=%2Fwp%2Fv2%2Fcomments&post=13951"}],"version-history":[{"count":2,"href":"https:\/\/www.vft-gmbh.de\/index.php?rest_route=\/wp\/v2\/pages\/13951\/revisions"}],"predecessor-version":[{"id":14054,"href":"https:\/\/www.vft-gmbh.de\/index.php?rest_route=\/wp\/v2\/pages\/13951\/revisions\/14054"}],"wp:attachment":[{"href":"https:\/\/www.vft-gmbh.de\/index.php?rest_route=%2Fwp%2Fv2%2Fmedia&parent=13951"}],"curies":[{"name":"wp","href":"https:\/\/api.w.org\/{rel}","templated":true}]}}