{"id":13956,"date":"2018-05-31T16:36:12","date_gmt":"2018-05-31T15:36:12","guid":{"rendered":"http:\/\/2018.vft-gmbh.de\/?page_id=13956"},"modified":"2022-11-16T14:19:06","modified_gmt":"2022-11-16T13:19:06","slug":"heiz-und-kamineinsaetze","status":"publish","type":"page","link":"https:\/\/www.vft-gmbh.de\/?page_id=13956","title":{"rendered":"Heiz- und Kamineins\u00e4tze"},"content":{"rendered":"<div class=\"fusion-fullwidth fullwidth-box nonhundred-percent-fullwidth non-hundred-percent-height-scrolling\"  style='background-color: #ffffff;background-position: left top;background-repeat: no-repeat;padding-top:20px;padding-right:10px;padding-bottom:20px;padding-left:10px;border-top-width:0px;border-bottom-width:0px;border-color:#eae9e9;border-top-style:solid;border-bottom-style:solid;'><div class=\"fusion-builder-row fusion-row \"><div  class=\"fusion-layout-column fusion_builder_column fusion_builder_column_1_1 fusion-builder-column-1 fusion-one-full fusion-column-first fusion-column-last fusion-column-no-min-height 1_1\"  style='margin-top:0px;margin-bottom:0px;'>\n\t\t\t\t\t<div class=\"fusion-column-wrapper\" style=\"background-position:left top;background-repeat:no-repeat;-webkit-background-size:cover;-moz-background-size:cover;-o-background-size:cover;background-size:cover;\"   data-bg-url=\"\">\n\t\t\t\t\t\t<div class=\"fusion-text\"><h1 style=\"text-align: center;\">Heiz- und Kamineins\u00e4tze<\/h1>\n<\/div><div class=\"fusion-sep-clear\"><\/div><div class=\"fusion-separator sep-single sep-solid\" style=\"border-color:#969696;border-top-width:1px;margin-left: auto;margin-right: auto;margin-top:5px;margin-bottom:50px;width:100%;max-width:15%;\"><\/div><div class=\"fusion-text\"><p>Das Spiel der Flammen. Das Knistern. Die nat\u00fcrliche W\u00e4rme. Wenn das Feuer in Ihrem Heiz- oder Kamineinsatz brennt, k\u00f6nnen Sie sich ganz entspannt zur\u00fccklehnen und jeden Moment voll auskosten.<br \/>\nDabei werden Sie nicht nur mit einer behaglichen Atmosph\u00e4re verw\u00f6hnt, sondern haben auch immer die Sicherheit, besonders wirtschaftlich zu heizen. Die Heizeins\u00e4tze lassen sich zus\u00e4tzlich komfortabel ins Heizsystem integrieren und holen f\u00fcr Sie das Beste aus dem Brennstoff heraus. Heiz- und Kamineins\u00e4tze nutzen die Heizenergie der jeweiligen Brennstoffe bestm\u00f6glich aus. Ganz gleich, ob es sich um einfaches Holz, Braunkohlebriketts oder Holzbriketts handelt.<br \/>\nModerne Heizeins\u00e4tze und Kamineins\u00e4tze erzielen einen optimalen Ausbrand und die Schadstoffemissionen liegen deutlich unter den gesetzlichen Grenzwerten. Genie\u00dfen Sie es!<\/p>\n<\/div><div class=\"fusion-clearfix\"><\/div>\n\n\t\t\t\t\t<\/div>\n\t\t\t\t<\/div><div  class=\"fusion-layout-column fusion_builder_column fusion_builder_column_1_2 fusion-builder-column-2 fusion-one-half fusion-column-first 1_2\"  style='margin-top:0px;margin-bottom:20px;width:48%; margin-right: 4%;'>\n\t\t\t\t\t<div class=\"fusion-column-wrapper\" style=\"background-position:left top;background-repeat:no-repeat;-webkit-background-size:cover;-moz-background-size:cover;-o-background-size:cover;background-size:cover;\"   data-bg-url=\"\">\n\t\t\t\t\t\t<div class=\"fusion-text\"><h2>Kachel\u00f6fen mit neuen Heizeins\u00e4tzen modernisieren<\/h2>\n<p><a href=\"http:\/\/2018.vft-gmbh.de\/wp-content\/uploads\/2018\/05\/heizeinsatz01.jpg\"><img loading=\"lazy\" decoding=\"async\" class=\"wp-image-13957 alignleft\" src=\"http:\/\/2018.vft-gmbh.de\/wp-content\/uploads\/2018\/05\/heizeinsatz01.jpg\" alt=\"\" width=\"300\" height=\"214\" srcset=\"https:\/\/www.vft-gmbh.de\/wp-content\/uploads\/2018\/05\/heizeinsatz01-300x214.jpg 300w, https:\/\/www.vft-gmbh.de\/wp-content\/uploads\/2018\/05\/heizeinsatz01-768x548.jpg 768w, https:\/\/www.vft-gmbh.de\/wp-content\/uploads\/2018\/05\/heizeinsatz01.jpg 1024w\" sizes=\"auto, (max-width: 300px) 100vw, 300px\" \/><\/a>Kachel\u00f6fen bestechen mit traditionellem Charme und verleihen dem Wohnraum eine besonders gem\u00fctliche Atmosph\u00e4re. Gerade \u00e4ltere \u00d6fen erf\u00fcllen aber oft nicht mehr die gesetzlichen Anforderungen. Wer trotzdem nicht auf die angenehme W\u00e4rme verzichten m\u00f6chte, muss den Heizeinsatz im Ofen modernisieren.<\/p>\n<p>Der Gesetzgeber sieht je nach dessen Einbaujahr verschiedene Fristen zum Austausch vor. Wer beispielsweise einen Kachelofen-Heizeinsatz f\u00fcr feste Brennstoffe besitzt, der zwischen 1975 und 1984 eingebaut wurde, hat bis Ende 2017 Zeit, ihn umzur\u00fcsten. F\u00fcr sp\u00e4ter eingebaute Eins\u00e4tze gelten weitere Fristen Ende 2020 und 2024.<\/p>\n<h2>Gro\u00dfe Auswahl an Heizeins\u00e4tzen<\/h2>\n<p>Wenn ein neuer Heizeinsatz installiert werden muss, haben Hausbesitzer verschiedene M\u00f6glichkeiten: Zur Wahl stehen Heizeins\u00e4tze f\u00fcr die Brennstoffe Holz, Erdgas oder \u00d6l. Wer mit Holz heizt, spart fossile Brennstoffe und heizt zudem CO2-neutral, weil es beim Verbrennen lediglich die Menge an CO2 freigibt, die es beim Wachsen aufgenommen hat. Gas- und \u00d6lheizeins\u00e4tze bieten dagegen umgehend W\u00e4rme per Knopfdruck: Weil sie keine Anlaufzeit ben\u00f6tigen und sich mit Regelungsmodulen komfortabel steuern lassen, steht mit diesen Brennstoffen die W\u00e4rme sofort zur Verf\u00fcgung. Je nach Brennstoff k\u00f6nnen Hausbesitzer zudem zwischen verschiedenen Designvarianten w\u00e4hlen. Bei Holzbrand-Heizeins\u00e4tzen bieten gro\u00dfe Sichtscheiben beispielsweise freien Blick auf die Flammen. Wassergef\u00fchrte Varianten lassen sich zudem ins Heizsystem einbinden und zur Wassererw\u00e4rmung nutzen. So kommt die W\u00e4rme des Ofens im ganzen Haus zum Einsatz. Gerne beraten wir Sie und sch\u00e4tzen ab, ob alle Voraussetzungen f\u00fcr einen neuen Heizeinsatz gegeben sind oder ob sich eine Modernisierung anbietet.<\/p>\n<h2>Online-Austauschberater zur Information vorab<\/h2>\n<p>Wer sich nicht sicher ist, ob und bis wann er seinen Kachelofen mit Heizeinsatz umr\u00fcsten muss, kann sich vorab bequem online informieren. Mit dem Buderus Austauschberater auf www.heizeinsatz.buderus.de l\u00e4sst sich anhand der Produktbezeichnung des bislang installierten Heizeinsatzes die Umr\u00fcstfrist feststellen. Zudem schl\u00e4gt das Tool passende Holzbrand-, Gas- oder \u00d6lheizeins\u00e4tze zur Modernisierung vor und listet wichtige Informationen und technische Daten \u00fcbersichtlich auf.<\/p>\n<\/div><div class=\"fusion-clearfix\"><\/div>\n\n\t\t\t\t\t<\/div>\n\t\t\t\t<\/div><div  class=\"fusion-layout-column fusion_builder_column fusion_builder_column_1_2 fusion-builder-column-3 fusion-one-half fusion-column-last 1_2\"  style='margin-top:0px;margin-bottom:20px;width:48%'>\n\t\t\t\t\t<div class=\"fusion-column-wrapper\" style=\"background-position:left top;background-repeat:no-repeat;-webkit-background-size:cover;-moz-background-size:cover;-o-background-size:cover;background-size:cover;\"   data-bg-url=\"\">\n\t\t\t\t\t\t<div class=\"fusion-text\"><h2>Kachel\u00f6fen lassen sich auch mit Gasheizeins\u00e4tzen modernisieren<\/h2>\n<p><a href=\"http:\/\/2018.vft-gmbh.de\/wp-content\/uploads\/2018\/05\/heizeinsatz02.jpg\"><img loading=\"lazy\" decoding=\"async\" class=\"wp-image-13958 alignleft\" src=\"http:\/\/2018.vft-gmbh.de\/wp-content\/uploads\/2018\/05\/heizeinsatz02.jpg\" alt=\"\" width=\"300\" height=\"225\" srcset=\"https:\/\/www.vft-gmbh.de\/wp-content\/uploads\/2018\/05\/heizeinsatz02-300x225.jpg 300w, https:\/\/www.vft-gmbh.de\/wp-content\/uploads\/2018\/05\/heizeinsatz02-768x576.jpg 768w, https:\/\/www.vft-gmbh.de\/wp-content\/uploads\/2018\/05\/heizeinsatz02.jpg 1024w\" sizes=\"auto, (max-width: 300px) 100vw, 300px\" \/><\/a>Oft finden sich in Altbauwohnungen und \u00e4lteren H\u00e4usern Kachel\u00f6fen, die dem Wohnraum ein besonders gem\u00fctliches Ambiente verleihen. Die meisten \u00e4lteren \u00d6fen erf\u00fcllen bei der Holz- und Kohleverbrennung allerdings nicht mehr die gesetzlichen Emissionsanforderungen und m\u00fcssen deshalb modernisiert werden. Eine gute L\u00f6sung kann dabei der Umstieg auf den Brennstoff Erdgas sein: Der Ofen wird mit einem Gasheizeinsatz ausgestattet und mit Erdgas befeuert.<\/p>\n<p>Hausbesitzer bewahren so den traditionellen Charme ihres Kachelofens und profitieren zugleich von einem h\u00f6heren W\u00e4rmekomfort. Denn bei der Erdgasverbrennung steht die W\u00e4rme dann zur Verf\u00fcgung, wenn sie ben\u00f6tigt wird. Buderus bietet Gasheizeins\u00e4tze, die sich dank ihrer Luftf\u00fchrung durch einen besonders leisen Betrieb auszeichnen. Weil das Gas in den Buderus Heizeins\u00e4tzen effizient verbrennt, liegen die Schadstoffemissionen deutlich unter den gesetzlichen Grenzwerten.<\/p>\n<h2>Stromlos oder vollautomatisch<\/h2>\n<p>Hausbesitzer, die umr\u00fcsten wollen, k\u00f6nnen zwischen stromlos arbeitenden und elektrischen Gasheizeins\u00e4tzen w\u00e4hlen. Die Buderus Gasheizeins\u00e4tze H104M mit 7 kW und H204M mit 9,5 kW Nennw\u00e4rmeleistung arbeiten ohne Strom und sind mit einem Gasbrenner ausgestattet, der per Knopfdruck gestartet wird. Die Heizleistung moduliert je nach W\u00e4rmebedarf zwischen 40 und 100 Prozent. Den W\u00e4rmebedarf ermittelt ein W\u00e4rmef\u00fchler unterhalb des Gasheizeinsatzes. Alternativ bietet Buderus auch die elektrischen Gasheizeins\u00e4tze H114V mit 7 kW und H214V mit 9 kW, deren zweistufiger Gasbrenner vollautomatisch funktioniert. Ein Raumtemperaturregler fordert bei Bedarf W\u00e4rme beim Gasbrenner an, der dementsprechend selbstt\u00e4tig startet.<\/p>\n<p>Zur Bedienung der Heizeins\u00e4tze stehen der analoge Raumtemperaturregler BERT Easy, bei dem sich die gew\u00fcnschte Raumtemperatur anhand eines Drehknopfes einstellen l\u00e4sst, und der digitale Komfort-Regler BERT zur Wahl. Dieser ist mit einem Display ausgestattet, das die aktuelle Raumtemperatur, Uhrzeit, Wochentag und die Betriebszust\u00e4nde anzeigt. Anwender k\u00f6nnen frei einstellbare Standard-, Wochen- und Urlaubsprogramme nutzen, zudem l\u00e4sst sich der Heizbetrieb mit der Partyfunktion um bis zu vier Stunden verl\u00e4ngern.<\/p>\n<h2>Gesetzgeber verlangt den Austausch<\/h2>\n<p>Wer einen Kachelofen-Heizeinsatz besitzt, der zwischen 1975 und 1984 eingebaut wurde, muss den Heizeinsatz gem\u00e4\u00df der 1. Bundesimmissionsschutzverordnung bis Ende 2017 umr\u00fcsten \u2013 oder den Ofen stilllegen. F\u00fcr sp\u00e4ter eingebaute Heizeins\u00e4tze gelten weitere Umr\u00fcsttermine Ende 2020, beziehungsweise 2024. Vor der Umr\u00fcstung sind einige wenige Voraussetzungen zu erf\u00fcllen: Um den Kachelofen mit einem Gasheizeinsatz zu modernisieren, muss das Haus \u00fcber einen Anschluss an das Erdgasnetz oder einen Fl\u00fcssiggastank verf\u00fcgen. Auch der Schornstein muss auf die Erdgasverbrennung ausgelegt sein, gegebenenfalls bietet sich hier eine Sanierung mit Edelstahlrohren an. Welche Sanierungsma\u00dfnahmen zu empfehlen sind, hierzu beraten wir Sie gerne.<\/p>\n<\/div><div class=\"fusion-clearfix\"><\/div>\n\n\t\t\t\t\t<\/div>\n\t\t\t\t<\/div><\/div><\/div>\n","protected":false},"excerpt":{"rendered":"","protected":false},"author":1,"featured_media":0,"parent":0,"menu_order":2,"comment_status":"closed","ping_status":"closed","template":"","meta":{"footnotes":""},"class_list":["post-13956","page","type-page","status-publish","hentry"],"_links":{"self":[{"href":"https:\/\/www.vft-gmbh.de\/index.php?rest_route=\/wp\/v2\/pages\/13956","targetHints":{"allow":["GET"]}}],"collection":[{"href":"https:\/\/www.vft-gmbh.de\/index.php?rest_route=\/wp\/v2\/pages"}],"about":[{"href":"https:\/\/www.vft-gmbh.de\/index.php?rest_route=\/wp\/v2\/types\/page"}],"author":[{"embeddable":true,"href":"https:\/\/www.vft-gmbh.de\/index.php?rest_route=\/wp\/v2\/users\/1"}],"replies":[{"embeddable":true,"href":"https:\/\/www.vft-gmbh.de\/index.php?rest_route=%2Fwp%2Fv2%2Fcomments&post=13956"}],"version-history":[{"count":4,"href":"https:\/\/www.vft-gmbh.de\/index.php?rest_route=\/wp\/v2\/pages\/13956\/revisions"}],"predecessor-version":[{"id":14053,"href":"https:\/\/www.vft-gmbh.de\/index.php?rest_route=\/wp\/v2\/pages\/13956\/revisions\/14053"}],"wp:attachment":[{"href":"https:\/\/www.vft-gmbh.de\/index.php?rest_route=%2Fwp%2Fv2%2Fmedia&parent=13956"}],"curies":[{"name":"wp","href":"https:\/\/api.w.org\/{rel}","templated":true}]}}