{"id":13969,"date":"2018-06-04T08:45:37","date_gmt":"2018-06-04T07:45:37","guid":{"rendered":"http:\/\/2018.vft-gmbh.de\/?page_id=13969"},"modified":"2022-11-16T14:19:06","modified_gmt":"2022-11-16T13:19:06","slug":"gasheizung","status":"publish","type":"page","link":"https:\/\/www.vft-gmbh.de\/?page_id=13969","title":{"rendered":"Gasheizung"},"content":{"rendered":"<div class=\"fusion-fullwidth fullwidth-box nonhundred-percent-fullwidth non-hundred-percent-height-scrolling\"  style='background-color: #ffffff;background-position: left top;background-repeat: no-repeat;padding-top:20px;padding-right:10px;padding-bottom:20px;padding-left:10px;border-top-width:0px;border-bottom-width:0px;border-color:#eae9e9;border-top-style:solid;border-bottom-style:solid;'><div class=\"fusion-builder-row fusion-row \"><div  class=\"fusion-layout-column fusion_builder_column fusion_builder_column_1_1 fusion-builder-column-1 fusion-one-full fusion-column-first fusion-column-last fusion-column-no-min-height 1_1\"  style='margin-top:0px;margin-bottom:0px;'>\n\t\t\t\t\t<div class=\"fusion-column-wrapper\" style=\"background-position:left top;background-repeat:no-repeat;-webkit-background-size:cover;-moz-background-size:cover;-o-background-size:cover;background-size:cover;\"   data-bg-url=\"\">\n\t\t\t\t\t\t<div class=\"fusion-text\"><h1 style=\"text-align: center;\">Gasheizung<\/h1>\n<\/div><div class=\"fusion-sep-clear\"><\/div><div class=\"fusion-separator sep-single sep-solid\" style=\"border-color:#969696;border-top-width:1px;margin-left: auto;margin-right: auto;margin-top:5px;margin-bottom:50px;width:100%;max-width:15%;\"><\/div><div class=\"fusion-text\"><p>Die moderne Gasheizung mit Erdgas-Brennwerttechnik z\u00e4hlt zu den effizientesten Heizsystemen \u00fcberhaupt und ist bei einer Modernisierung der Heizung eine wirtschaftliche und ausgereifte Alternative. Erdgas-Brennwertger\u00e4te lassen sich gut mit Solarthermie kombinieren, arbeiten im Team besonders klimaschonend.<br \/>\nPlatzsparend sind sie fast \u00fcberall aufzustellen: Ob im Keller, auf der Etage oder unter dem Dach, ob wandh\u00e4ngend, bodenstehend oder als Kompaktversion, die direkt an der Wand steht.<br \/>\nGas-Brennwertger\u00e4te\u00ad sparen sehr viel Energie und sind leise im Betrieb. Die Energie\u00adausbeute ist beachtlich: Normnutzungsgrade von bis zu 110 Prozent sind m\u00f6glich.<\/p>\n<\/div><div class=\"fusion-clearfix\"><\/div>\n\n\t\t\t\t\t<\/div>\n\t\t\t\t<\/div><div  class=\"fusion-layout-column fusion_builder_column fusion_builder_column_1_2 fusion-builder-column-2 fusion-one-half fusion-column-first 1_2\"  style='margin-top:0px;margin-bottom:20px;width:48%; margin-right: 4%;'>\n\t\t\t\t\t<div class=\"fusion-column-wrapper\" style=\"background-position:left top;background-repeat:no-repeat;-webkit-background-size:cover;-moz-background-size:cover;-o-background-size:cover;background-size:cover;\"   data-bg-url=\"\">\n\t\t\t\t\t\t<div class=\"fusion-text\"><h2>Heizungsmodernisierung in ihrer sch\u00f6nsten Form Buderus Gas-Brennwertkessel Logano plus KB192i<\/h2>\n<p><a href=\"http:\/\/2018.vft-gmbh.de\/wp-content\/uploads\/2018\/06\/gasheizung01.jpg\"><img loading=\"lazy\" decoding=\"async\" class=\"wp-image-13970 alignleft\" src=\"http:\/\/2018.vft-gmbh.de\/wp-content\/uploads\/2018\/06\/gasheizung01.jpg\" alt=\"\" width=\"300\" height=\"400\" srcset=\"https:\/\/www.vft-gmbh.de\/wp-content\/uploads\/2018\/06\/gasheizung01-225x300.jpg 225w, https:\/\/www.vft-gmbh.de\/wp-content\/uploads\/2018\/06\/gasheizung01.jpg 768w\" sizes=\"auto, (max-width: 300px) 100vw, 300px\" \/><\/a>Die neue Heizger\u00e4tegeneration im Titanium Glas-Design des Systemexperten Buderus w\u00e4chst weiter: Mit dem Logano plus KB192i ist ein bodenstehender Gas-Brennwertkessel auf dem Markt, der sich ideal f\u00fcr die Heizungsmodernisierung in Ein- und Mehrfamilienh\u00e4usern eignet. Die soliden Glasfronten der Titanium Linie machen die qualitativ hochwertige Buderus Systemtechnik auch im Design erlebbar. In Heizungsr\u00e4umen von Bestandsgeb\u00e4uden zieht damit neben moderner Heiztechnik auch zukunftsweisende Optik ein.<\/p>\n<p>Erstmals kommen bei diesem Gas-Brennwertkessel das neue Regelger\u00e4t Logamatic MC110 und die Systembedieneinheit Logamatic RC310 im Titanium Design zum Einsatz \u2013 mit Touchkeys anstelle von herk\u00f6mmlichen Tasten. Die innovative Bedieneinheit f\u00fcr den Wohnraum bietet Anlagenbetreibern zahlreiche M\u00f6glichkeiten, ihr Heizsystem individuell zu steuern und auf ihre Bed\u00fcrfnisse anzupassen. Serienm\u00e4\u00dfig ist der Logano plus KB192i mit dem Regelsystem Logamatic EMS plus sowie einem Internetanschluss ausgestattet.<\/p>\n<p>Der robuste Kesselk\u00f6rper in Gliederbauweise ist im bew\u00e4hrten Aluminium-Guss-Verfahren gefertigt. Herzst\u00fcck des Logano plus KB192i ist ein neuer Gas-Vormischbrenner, der sich durch einen gro\u00dfen Modulationsbereich von 1:7 und einen leisen Betrieb auszeichnet. Als vorkonfektionierte Paketl\u00f6sung l\u00e4sst sich der Gas-Brennwertkessel flexibel mit weiteren Komponenten wie Solar oder Biomasse kombinieren. Ebenfalls neu sind die Buderus Warmwasserspeicher Logalux L im Titanium Glas-Design mit 135, 160 oder 200 Litern, die hervorragend auf die moderne Optik der W\u00e4rmeerzeuger abgestimmt sind.<\/p>\n<p>S\u00e4mtliche Anschl\u00fcsse des Logano plus KB192i sind auf der R\u00fcckseite analog zu den Vorg\u00e4ngermodellen angebracht und machen den W\u00e4rmeerzeuger damit weitgehend kompatibel mit vielen bestehenden Alt-Anlagen, die zum Austausch anstehen. Der Gas-Brennwertkessel wird zun\u00e4chst in den Leistungsgr\u00f6\u00dfen 15, 30 und 50 kW angeboten und im Jahr 2017 dann auch mit 22 und 40 kW erh\u00e4ltlich sein.<\/p>\n<\/div><div class=\"fusion-clearfix\"><\/div>\n\n\t\t\t\t\t<\/div>\n\t\t\t\t<\/div><div  class=\"fusion-layout-column fusion_builder_column fusion_builder_column_1_2 fusion-builder-column-3 fusion-one-half fusion-column-last 1_2\"  style='margin-top:0px;margin-bottom:20px;width:48%'>\n\t\t\t\t\t<div class=\"fusion-column-wrapper\" style=\"background-position:left top;background-repeat:no-repeat;-webkit-background-size:cover;-moz-background-size:cover;-o-background-size:cover;background-size:cover;\"   data-bg-url=\"\">\n\t\t\t\t\t\t<div class=\"fusion-text\"><h2>Logamax plus GB192i<\/h2>\n<p><a href=\"http:\/\/2018.vft-gmbh.de\/wp-content\/uploads\/2018\/06\/gasheizung02.jpg\"><img loading=\"lazy\" decoding=\"async\" class=\"wp-image-13971 alignleft\" src=\"http:\/\/2018.vft-gmbh.de\/wp-content\/uploads\/2018\/06\/gasheizung02.jpg\" alt=\"\" width=\"300\" height=\"400\" srcset=\"https:\/\/www.vft-gmbh.de\/wp-content\/uploads\/2018\/06\/gasheizung02-225x300.jpg 225w, https:\/\/www.vft-gmbh.de\/wp-content\/uploads\/2018\/06\/gasheizung02.jpg 768w\" sizes=\"auto, (max-width: 300px) 100vw, 300px\" \/><\/a>Das wandh\u00e4ngende Gas-Brennwertger\u00e4t Logamax plus GB192i arbeitet besonders effizient. Seine Anschlusskompatibilit\u00e4t sorgt f\u00fcr eine einfache Montage und von vorne zug\u00e4ngliche Komponenten erleichtern die Wartung.<\/p>\n<ul>\n<li>Wandh\u00e4ngendes Gas-Brennwertger\u00e4t<\/li>\n<li>Effizient durch gro\u00dfen Modulationsbereich<\/li>\n<li>Selbsterkl\u00e4rend und leicht verst\u00e4ndliche Klartext-Informationen auf dem Touchscreen<\/li>\n<li>Integrierte Internet-Schnittstelle zur Fernbedienung und -\u00fcberwachung aus der Ferne<\/li>\n<\/ul>\n<h2>Ger\u00e4teinformation<\/h2>\n<ul>\n<li>Mit den neuen Heizsystemen von Buderus sind Sie bereit f\u00fcr die Zukunft. Im neuen Logamax plus GB192i ist Bew\u00e4hrtes mit modernen Zukunftstechnologien kombiniert. Bis ins kleinste Detail besteht der Logamax plus GB192i aus hochwertigen technischen Komponenten. Seine hohe Energieeffizienz, der reduzierte Stromverbrauch und die System- und Vernetzungskompetenz zeichnen die neue Generation der Heizsysteme von Buderus aus.<\/li>\n<li>Bis ins kleinste Detail besteht der Logamax plus GB192i aus hochwertigen technischen Komponenten. Seine hohe Energieeffizienz, der reduzierte Energieverbrauch, die integrierte Hydraulik und die System- und Vernetzungskompetenz zeichnen die neue Generation der Heizsysteme von Buderus aus.<\/li>\n<li>Die Frontverkleidung des neuen Heizsystems besteht aus Buderus Titanium Glas. Das neue Design ist dezent und doch ist der neue Logamax plus GB192i ein Blickfang. Auch nach Jahren verliert das Buderus Titanium Glas nichts von seiner Hochwertigkeit. Ebenso langlebig ist das Innenleben. Durch die ALU plus Technologie des W\u00e4rmetauschers haben Schmutz und Verbrennungsr\u00fcckst\u00e4nde kaum eine Chance.<\/li>\n<li>Beim neuen Logamax plus GB192i haben unsere Entwickler besonderes Augenmerk auf die Kompatibilit\u00e4t gelegt. So k\u00f6nnen wir zusichern, dass dieses wandh\u00e4ngende Gas-Brennwertger\u00e4t bei Gas-, Heizungs- und Abgasanschluss absolut kompatibel zu seinen erfolgreichen Vorg\u00e4ngern seit 1995 ist \u2013 namentlich dem Logamax plus GB112, GB142 und GB162. Das macht den Austausch ganz komfortabel, sauber und schnell.<\/li>\n<\/ul>\n<\/div><div class=\"fusion-clearfix\"><\/div>\n\n\t\t\t\t\t<\/div>\n\t\t\t\t<\/div><\/div><\/div>\n","protected":false},"excerpt":{"rendered":"","protected":false},"author":1,"featured_media":0,"parent":0,"menu_order":2,"comment_status":"closed","ping_status":"closed","template":"","meta":{"footnotes":""},"class_list":["post-13969","page","type-page","status-publish","hentry"],"_links":{"self":[{"href":"https:\/\/www.vft-gmbh.de\/index.php?rest_route=\/wp\/v2\/pages\/13969","targetHints":{"allow":["GET"]}}],"collection":[{"href":"https:\/\/www.vft-gmbh.de\/index.php?rest_route=\/wp\/v2\/pages"}],"about":[{"href":"https:\/\/www.vft-gmbh.de\/index.php?rest_route=\/wp\/v2\/types\/page"}],"author":[{"embeddable":true,"href":"https:\/\/www.vft-gmbh.de\/index.php?rest_route=\/wp\/v2\/users\/1"}],"replies":[{"embeddable":true,"href":"https:\/\/www.vft-gmbh.de\/index.php?rest_route=%2Fwp%2Fv2%2Fcomments&post=13969"}],"version-history":[{"count":4,"href":"https:\/\/www.vft-gmbh.de\/index.php?rest_route=\/wp\/v2\/pages\/13969\/revisions"}],"predecessor-version":[{"id":13977,"href":"https:\/\/www.vft-gmbh.de\/index.php?rest_route=\/wp\/v2\/pages\/13969\/revisions\/13977"}],"wp:attachment":[{"href":"https:\/\/www.vft-gmbh.de\/index.php?rest_route=%2Fwp%2Fv2%2Fmedia&parent=13969"}],"curies":[{"name":"wp","href":"https:\/\/api.w.org\/{rel}","templated":true}]}}