{"id":13979,"date":"2018-06-04T09:06:21","date_gmt":"2018-06-04T08:06:21","guid":{"rendered":"http:\/\/2018.vft-gmbh.de\/?page_id=13979"},"modified":"2022-11-16T14:19:06","modified_gmt":"2022-11-16T13:19:06","slug":"oelheizung","status":"publish","type":"page","link":"https:\/\/www.vft-gmbh.de\/?page_id=13979","title":{"rendered":"\u00d6lheizung"},"content":{"rendered":"<div class=\"fusion-fullwidth fullwidth-box nonhundred-percent-fullwidth non-hundred-percent-height-scrolling\"  style='background-color: #ffffff;background-position: left top;background-repeat: no-repeat;padding-top:20px;padding-right:10px;padding-bottom:20px;padding-left:10px;border-top-width:0px;border-bottom-width:0px;border-color:#eae9e9;border-top-style:solid;border-bottom-style:solid;'><div class=\"fusion-builder-row fusion-row \"><div  class=\"fusion-layout-column fusion_builder_column fusion_builder_column_1_1 fusion-builder-column-1 fusion-one-full fusion-column-first fusion-column-last fusion-column-no-min-height 1_1\"  style='margin-top:0px;margin-bottom:0px;'>\n\t\t\t\t\t<div class=\"fusion-column-wrapper\" style=\"background-position:left top;background-repeat:no-repeat;-webkit-background-size:cover;-moz-background-size:cover;-o-background-size:cover;background-size:cover;\"   data-bg-url=\"\">\n\t\t\t\t\t\t<div class=\"fusion-text\"><h1 style=\"text-align: center;\">\u00d6lheizung<\/h1>\n<\/div><div class=\"fusion-sep-clear\"><\/div><div class=\"fusion-separator sep-single sep-solid\" style=\"border-color:#969696;border-top-width:1px;margin-left: auto;margin-right: auto;margin-top:5px;margin-bottom:50px;width:100%;max-width:15%;\"><\/div><div class=\"fusion-text\"><p>H\u00f6chste Effizienz und die Kombinierbarkeit mit erneuerbaren Energien machen die moderne \u00d6lheizung weiterhin attraktiv.<br \/>\n\u00d6l-Brennwertger\u00e4te nutzen wie beim Gas die eigene Abgasw\u00e4rme clever zum Sparen und punkten mit einer System-Raumheizungseffizienz von bis zu 98 Prozent (Effizienzklasse A+), die sich in der eigenen Geldb\u00f6rse deutlich sp\u00fcrbar macht.<br \/>\n\u00d6l-Brennwertger\u00e4te sind gerade bei einer Modernisierung der in die Jahre gekommenen \u00d6lheizung eine sehr wirtschaftliche Alternative und damit auch heute durchaus eine \u00dcberlegung wert.<br \/>\n\u00d6l-Brennwertger\u00e4te arbeiten au\u00dfergew\u00f6hnlich leise, emissionsarm, sparsam und praktisch geruchlos. Dank integrierter IP\u00ad-Schnittstelle lassen sie sich vom Sofa aus oder von unterwegs leicht bedienen.<\/p>\n<\/div><div class=\"fusion-clearfix\"><\/div>\n\n\t\t\t\t\t<\/div>\n\t\t\t\t<\/div><div  class=\"fusion-layout-column fusion_builder_column fusion_builder_column_1_2 fusion-builder-column-2 fusion-one-half fusion-column-first 1_2\"  style='margin-top:0px;margin-bottom:20px;width:48%; margin-right: 4%;'>\n\t\t\t\t\t<div class=\"fusion-column-wrapper\" style=\"background-position:left top;background-repeat:no-repeat;-webkit-background-size:cover;-moz-background-size:cover;-o-background-size:cover;background-size:cover;\"   data-bg-url=\"\">\n\t\t\t\t\t\t<div class=\"fusion-text\"><h2>Erster \u00d6l-Brennwertkessel im Titanium Glas-Design<\/h2>\n<p><a href=\"http:\/\/2018.vft-gmbh.de\/wp-content\/uploads\/2018\/06\/oelheizung01.jpg\"><img loading=\"lazy\" decoding=\"async\" class=\"wp-image-13980 alignleft\" src=\"http:\/\/2018.vft-gmbh.de\/wp-content\/uploads\/2018\/06\/oelheizung01.jpg\" alt=\"\" width=\"300\" height=\"400\" srcset=\"https:\/\/www.vft-gmbh.de\/wp-content\/uploads\/2018\/06\/oelheizung01-225x300.jpg 225w, https:\/\/www.vft-gmbh.de\/wp-content\/uploads\/2018\/06\/oelheizung01.jpg 768w\" sizes=\"auto, (max-width: 300px) 100vw, 300px\" \/><\/a>Buderus bringt den ersten \u00d6l-Brennwertkessel im Titanium Glas-Design auf den Markt: Der Logano plus KB195i ist in der Leistungsgr\u00f6\u00dfe 15 kW erh\u00e4ltlich. Der kompakte W\u00e4rmeerzeuger mit einem modulierenden Verdampfungsbrenner erweitert die erfolgreiche Titanium Linie. Deren innovatives Konzept mit modularem Aufbau sowie der einzigartigen Optik begeistert Handwerkspartner wie Kunden gleicherma\u00dfen.<\/p>\n<p>Der Logano plus KB195i ist serienm\u00e4\u00dfig mit dem neuen Regelger\u00e4t Logamatic MC110 und der neuen Systembedieneinheit Logamatic RC310 ausgestattet und hat einen LAN-Anschluss f\u00fcr die Verbindung mit dem Internet. So k\u00f6nnen Anlagenbetreiber ihr Heizsystem mit ihrem Smartphone oder Tablet-PC und der App EasyControl bequem steuern und Einstellungen \u00e4ndern. Passend zum neuen Design des W\u00e4rmeerzeugers hat Buderus untergestellte Speicher entwickelt, die mit dem Erscheinungsbild des Kessels harmonieren.<\/p>\n<p>Konzipiert wurde der Brennwertkessel f\u00fcr Ein- und Zweifamilienh\u00e4user sowie Reihenh\u00e4user. Mit einem Modulationsbereich von 1:4 und einer minimalen W\u00e4rmeleistung von rund 5 kW ist er auch f\u00fcr geringe W\u00e4rmebedarfe geeignet. In dem patentierten, selbst-kalibrierenden \u00d6l-Verdampfungsbrenner Logatop BM1.0 arbeiten anstelle der \u00d6l-Zerst\u00e4uberd\u00fcse ein modernes, in der Automobiltechnik bew\u00e4hrtes Einspritzventil sowie eine Lambdasonde. Die automatische Verbrennungsregelung \u00fcber Lambda plus Technologie sorgt f\u00fcr einen umweltschonenden und effizienten Betrieb, denn bei laufendem Brenner pr\u00fcft die Lambdasonde kontinuierlich den Sauerstoffgehalt im Abgas. Wenn sich dieser ver\u00e4ndert, wird die Gebl\u00e4sedrehzahl des Brenners angepasst, bis der Sauerstoffgehalt im Abgas wieder den optimalen Wert erreicht. Der Brenner kalibriert sich selbst. Deshalb ist weder bei der Inbetriebnahme noch bei der Wartung eine Einstellung von \u00d6ldruck und Luftmenge erforderlich.<\/p>\n<h2>Wartungsfreundliches Kesselkonzept<\/h2>\n<p>Mit einem Gewicht von nur 81 Kilogramm l\u00e4sst sich der Logano plus KB195i gut transportieren und einbringen. Kessel, Verkleidung, Regelung und Brenner sind werkseitig komplett montiert. Herzst\u00fcck des \u00d6l-Brennwertkessels ist ein robuster Aluminium-Guss-W\u00e4rmetauscher mit schmutzabweisender ALUplus Oberfl\u00e4chenveredelung. Innovativ ist die W\u00e4rme\u00fcbertragung, denn die Wasserf\u00fchrung erfolgt r\u00fcckw\u00e4rtig in den Kessel und von dort \u00fcber die Kesselglieder nach vorne in den w\u00e4rmeren Bereich. Durch dieses Gegenstromprinzip wird die verf\u00fcgbare W\u00e4rmeenergie nahezu vollst\u00e4ndig an das Heizungswasser \u00fcbertragen. Weitere Vorteile sind der einfache hydraulische Anschluss und die Einbindung in Bestandsanlagen ohne hydraulische Weiche.<\/p>\n<\/div><div class=\"fusion-clearfix\"><\/div>\n\n\t\t\t\t\t<\/div>\n\t\t\t\t<\/div><div  class=\"fusion-layout-column fusion_builder_column fusion_builder_column_1_2 fusion-builder-column-3 fusion-one-half fusion-column-last 1_2\"  style='margin-top:0px;margin-bottom:20px;width:48%'>\n\t\t\t\t\t<div class=\"fusion-column-wrapper\" style=\"background-position:left top;background-repeat:no-repeat;-webkit-background-size:cover;-moz-background-size:cover;-o-background-size:cover;background-size:cover;\"   data-bg-url=\"\">\n\t\t\t\t\t\t<div class=\"fusion-text\"><h2>\u201cDeutschland macht Plus!\u201c<\/h2>\n<p><a href=\"http:\/\/2018.vft-gmbh.de\/wp-content\/uploads\/2018\/06\/oelheizung02.jpg\"><img loading=\"lazy\" decoding=\"async\" class=\"wp-image-13981 alignleft\" src=\"http:\/\/2018.vft-gmbh.de\/wp-content\/uploads\/2018\/06\/oelheizung02.jpg\" alt=\"\" width=\"300\" height=\"352\" srcset=\"https:\/\/www.vft-gmbh.de\/wp-content\/uploads\/2018\/06\/oelheizung02-256x300.jpg 256w, https:\/\/www.vft-gmbh.de\/wp-content\/uploads\/2018\/06\/oelheizung02-768x900.jpg 768w, https:\/\/www.vft-gmbh.de\/wp-content\/uploads\/2018\/06\/oelheizung02.jpg 874w\" sizes=\"auto, (max-width: 300px) 100vw, 300px\" \/><\/a>Heiz\u00f6lkunden, die ihre Heizung im Rahmen der bundesweiten Modernisierungsaktion erneuern, k\u00f6nnen insgesamt rund 3.200 Euro Zuschuss bekommen. Der setzt sich aus drei Komponenten zusammen: Die KfW-F\u00f6rderbank unterst\u00fctzt den Einbau eines \u00d6l-Brennwertger\u00e4ts beim Kesseltausch mit zehn Prozent der Investitionskosten. Das sind 950 Euro bei einer Installationsrechnung von beispielsweise 9.500 Euro.<\/p>\n<p>Dazu kommt die IWO-Aktionspr\u00e4mie von 250 Euro, wenn der Hausbesitzer einen \u00d6l-Brennwertkessel eines teilnehmenden Ger\u00e4teherstellers w\u00e4hlt und sp\u00e4testens neun Monate nach der Modernisierung mindestens 1.500 Liter Heiz\u00f6l bei einem teilnehmenden Mineral\u00f6lh\u00e4ndler tankt.<\/p>\n<p>Zus\u00e4tzlich gibt es f\u00fcr eine \u00d6l-Solarkombination bis zu 2.000 Euro Extraf\u00f6rderung aus dem Marktanreizprogramm der BAFA.<\/p>\n<\/div><div class=\"fusion-clearfix\"><\/div>\n\n\t\t\t\t\t<\/div>\n\t\t\t\t<\/div><\/div><\/div>\n","protected":false},"excerpt":{"rendered":"","protected":false},"author":1,"featured_media":0,"parent":0,"menu_order":2,"comment_status":"closed","ping_status":"closed","template":"","meta":{"footnotes":""},"class_list":["post-13979","page","type-page","status-publish","hentry"],"_links":{"self":[{"href":"https:\/\/www.vft-gmbh.de\/index.php?rest_route=\/wp\/v2\/pages\/13979","targetHints":{"allow":["GET"]}}],"collection":[{"href":"https:\/\/www.vft-gmbh.de\/index.php?rest_route=\/wp\/v2\/pages"}],"about":[{"href":"https:\/\/www.vft-gmbh.de\/index.php?rest_route=\/wp\/v2\/types\/page"}],"author":[{"embeddable":true,"href":"https:\/\/www.vft-gmbh.de\/index.php?rest_route=\/wp\/v2\/users\/1"}],"replies":[{"embeddable":true,"href":"https:\/\/www.vft-gmbh.de\/index.php?rest_route=%2Fwp%2Fv2%2Fcomments&post=13979"}],"version-history":[{"count":2,"href":"https:\/\/www.vft-gmbh.de\/index.php?rest_route=\/wp\/v2\/pages\/13979\/revisions"}],"predecessor-version":[{"id":14051,"href":"https:\/\/www.vft-gmbh.de\/index.php?rest_route=\/wp\/v2\/pages\/13979\/revisions\/14051"}],"wp:attachment":[{"href":"https:\/\/www.vft-gmbh.de\/index.php?rest_route=%2Fwp%2Fv2%2Fmedia&parent=13979"}],"curies":[{"name":"wp","href":"https:\/\/api.w.org\/{rel}","templated":true}]}}