{"id":13996,"date":"2018-06-04T10:10:29","date_gmt":"2018-06-04T09:10:29","guid":{"rendered":"http:\/\/2018.vft-gmbh.de\/?page_id=13996"},"modified":"2022-11-16T14:19:06","modified_gmt":"2022-11-16T13:19:06","slug":"blockheizkraftwerk","status":"publish","type":"page","link":"https:\/\/www.vft-gmbh.de\/?page_id=13996","title":{"rendered":"Blockheizkraftwerk"},"content":{"rendered":"<div class=\"fusion-fullwidth fullwidth-box nonhundred-percent-fullwidth non-hundred-percent-height-scrolling\"  style='background-color: #ffffff;background-position: left top;background-repeat: no-repeat;padding-top:20px;padding-right:10px;padding-bottom:20px;padding-left:10px;border-top-width:0px;border-bottom-width:0px;border-color:#eae9e9;border-top-style:solid;border-bottom-style:solid;'><div class=\"fusion-builder-row fusion-row \"><div  class=\"fusion-layout-column fusion_builder_column fusion_builder_column_1_1 fusion-builder-column-1 fusion-one-full fusion-column-first fusion-column-last fusion-column-no-min-height 1_1\"  style='margin-top:0px;margin-bottom:0px;'>\n\t\t\t\t\t<div class=\"fusion-column-wrapper\" style=\"background-position:left top;background-repeat:no-repeat;-webkit-background-size:cover;-moz-background-size:cover;-o-background-size:cover;background-size:cover;\"   data-bg-url=\"\">\n\t\t\t\t\t\t<div class=\"fusion-text\"><h1 style=\"text-align: center;\">Blockheizkraftwerk<\/h1>\n<\/div><div class=\"fusion-sep-clear\"><\/div><div class=\"fusion-separator sep-single sep-solid\" style=\"border-color:#969696;border-top-width:1px;margin-left: auto;margin-right: auto;margin-top:5px;margin-bottom:50px;width:100%;max-width:15%;\"><\/div><div class=\"fusion-text\"><p>Ein Blockheizkraftwerk (BHKW) produziert dank Kraft-W\u00e4rme-Kopplung (KWK) gleichzeitig W\u00e4rme und Strom. F\u00fcr den Einsatz im Einfamilienhaus wurden Mikro-BHKWs entwickelt, die meist mit Erdgas, Fl\u00fcssiggas, \u00d6l oder Holzpellets betrieben werden Ein Stirling- oder Ottomotor treibt einen Generator zur Stromerzeugung an.<br \/>\nDie dabei entstehende Abw\u00e4rme wird \u00fcber einen W\u00e4rmetauscher \u00fcber den K\u00fchlwasserkreislauf an das Heizungssystem \u00fcbertragen und zur Raumheizung und Warmwasserbereitung genutzt.<br \/>\nDer erzeugte Strom kann selbst genutzt werden oder in das \u00f6ffentliche Stromnetz eingespeist werden. So lassen sich nicht nur die Heizkosten, sondern auch die Stromkosten senken.<\/p>\n<\/div><div class=\"fusion-clearfix\"><\/div>\n\n\t\t\t\t\t<\/div>\n\t\t\t\t<\/div><div  class=\"fusion-layout-column fusion_builder_column fusion_builder_column_1_2 fusion-builder-column-2 fusion-one-half fusion-column-first 1_2\"  style='margin-top:0px;margin-bottom:20px;width:48%; margin-right: 4%;'>\n\t\t\t\t\t<div class=\"fusion-column-wrapper\" style=\"background-position:left top;background-repeat:no-repeat;-webkit-background-size:cover;-moz-background-size:cover;-o-background-size:cover;background-size:cover;\"   data-bg-url=\"\">\n\t\t\t\t\t\t<div class=\"fusion-text\"><h2>Mikro-BHKW: Blockheizkraftwerk f\u00fcr das Einfamilienhaus<\/h2>\n<p><a href=\"http:\/\/2018.vft-gmbh.de\/wp-content\/uploads\/2018\/06\/bhkw01.jpg\"><img loading=\"lazy\" decoding=\"async\" class=\"wp-image-13997 alignleft\" src=\"http:\/\/2018.vft-gmbh.de\/wp-content\/uploads\/2018\/06\/bhkw01.jpg\" alt=\"\" width=\"300\" height=\"168\" srcset=\"https:\/\/www.vft-gmbh.de\/wp-content\/uploads\/2018\/06\/bhkw01-300x168.jpg 300w, https:\/\/www.vft-gmbh.de\/wp-content\/uploads\/2018\/06\/bhkw01-768x431.jpg 768w, https:\/\/www.vft-gmbh.de\/wp-content\/uploads\/2018\/06\/bhkw01.jpg 1024w\" sizes=\"auto, (max-width: 300px) 100vw, 300px\" \/><\/a>Mit der\u00a0Heizung\u00a0im Keller gleichzeitig Strom erzeugen? Ein Blockheizkraftwerk macht es m\u00f6glich. So genannte Nano- und Mikro-BHKW wurden speziell f\u00fcr den Einsatz im Einfamilienhaus entwickelt. Sie machen sich wie alle Blockheizkraftwerke das Prinzip der Kraft-W\u00e4rme-Kopplung (KWK) zunutze.<\/p>\n<h2>Strom und W\u00e4rme selbst erzeugen dank Kraft-W\u00e4rme-Kopplung (KWK)<\/h2>\n<p>Bei der Kraft-W\u00e4rme-Kopplung (KWK) treibt ein Stirling- oder Ottomotor einen Generator zur Stromerzeugung an. Die dabei entstehende Abw\u00e4rme wird \u00fcber einen W\u00e4rmetauscher \u00fcber den K\u00fchlwasserkreislauf an das Heizungssystem \u00fcbertragen und zur Raumheizung und Warmwasserbereitung genutzt. Der erzeugte Strom kann selbst genutzt werden und in das \u00f6ffentliche Stromnetz zur gesetzlich vorgeschriebenen Verg\u00fctung eingespeist werden. Die nach dem Prinzip der Kraft-W\u00e4rme-Kopplung funktionierende Heizung nutzt die Energie des eingesetzten Brennstoffs bis zu 90 Prozent und erzeugt gleichzeitig Strom f\u00fcr den Haushalt. Das senkt nicht nur die Heiz-, sondern auch die Stromkosten. KWK-Anlagen gibt es in unterschiedlichen Leistungsgr\u00f6\u00dfen. Nano- und Mikro-BHKW mit einer elektrischen Leistung (kWel) bis zu 2 kWel eignen sich f\u00fcr Ein- und Zweifamilienh\u00e4user. Betrieben werden sie mit Erdgas, Fl\u00fcssiggas, \u00d6l oder Holzpellets.<\/p>\n<h2>Voraussetzungen f\u00fcr den Einbau eines Mikro-BHKW<\/h2>\n<p>Besonderheiten bei der Installation eines Mikro-BHKW gibt es nicht. Soll die KWK-Anlage mit Gas betrieben werden, ist ein Gasanschluss erforderlich. F\u00fcr das sichere Abf\u00fchren der Abgase sollte zudem ein feuchteunempfindlicher\u00a0Schornstein\u00a0vorhanden sein. Ber\u00fccksichtigen m\u00fcssen Hausbesitzer auch den Platzbedarf: Ein Heizungskeller bietet ausreichend Platz f\u00fcr das Blockheizkraftwerk und den\u00a0Pufferspeicher.<\/p>\n<h2>Wann sich ein Mikro-BHKW im Einfamilienhaus rechnet und mit welchen Kosten Hausbesitzer rechnen m\u00fcssen<\/h2>\n<p>Damit ein Mikro-BHKW f\u00fcr Hausbesitzer wirtschaftlich ist, sollte der W\u00e4rmebedarf mindestens 15.000 bis 20.000 kW\/h pro Jahr betragen, je mehr, umso besser. Deshalb eigenen sich Blockheizkraftwerke zum Beispiel nicht f\u00fcr den Einsatz in einem Niedrigenergiehaus. Aber im Altbau und beim Heizungstausch sind Mikro-BHKW eine gute Alternative. Grunds\u00e4tzlich gilt f\u00fcr den wirtschaftlichen Einsatz eines Mikro-BHKW: Wer einen hohen W\u00e4rmebedarf hat und gleichzeitig einen gro\u00dfen Teil der elektrischen Energie im eigenen Haus abnehmen kann, f\u00fcr den lohnt sich der Einsatz des Mikro-BHKW. Hausbesitzer, die sich f\u00fcr ein Mikro-BHKW entscheiden, m\u00fcssen mit Kosten ab 16.000 Euro rechnen. Um die Kosten im Rahmen zu halten, sollten Hausbesitzer eine\u00a0F\u00f6rderung f\u00fcr ihr BHKW\u00a0beantragen. Sinnvoll ist, gleich einen Wartungsvertrag f\u00fcr das Blockheizkraftwerk abzuschlie\u00dfen, da der Motor hohe Laufzeiten bew\u00e4ltigen muss.<\/p>\n<h2>Brennstoffzellen-Heizung: Zukunft des BHKW ist Brennstoffzellentechnik<\/h2>\n<p>Eine neue Technologie f\u00fcr die Nutzung der Kraft-W\u00e4rme-Kopplung ist die Brennstoffzellen-Heizung (Brennstoffzellen-BHKW). In einer Brennstoffzelle findet kein Verbrennungsvorgang statt, Strom und W\u00e4rme werden elektrochemisch erzeugt. Die Vorteile der Brennstoffzelle: Sie arbeitet nahezu lautlos, nutzt den Energierohstoff sehr effizient und st\u00f6\u00dft kaum Schadstoffe aus. Zudem kann die Technik sehr gut geregelt werden und ben\u00f6tigt kaum Wartung. Betrieben wird so eine kompakte Energiezentrale f\u00fcr das Haus mit Wasserstoff oder wasserstoffhaltigen Gasen, die aus Erdgas, Biogas oder Methanol gewonnen werden.<\/p>\n<\/div><div class=\"fusion-clearfix\"><\/div>\n\n\t\t\t\t\t<\/div>\n\t\t\t\t<\/div><div  class=\"fusion-layout-column fusion_builder_column fusion_builder_column_1_2 fusion-builder-column-3 fusion-one-half fusion-column-last 1_2\"  style='margin-top:0px;margin-bottom:20px;width:48%'>\n\t\t\t\t\t<div class=\"fusion-column-wrapper\" style=\"background-position:left top;background-repeat:no-repeat;-webkit-background-size:cover;-moz-background-size:cover;-o-background-size:cover;background-size:cover;\"   data-bg-url=\"\">\n\t\t\t\t\t\t<div class=\"fusion-text\"><h2>F\u00f6rderung f\u00fcr KWK-Anlagen<\/h2>\n<p><a href=\"http:\/\/2018.vft-gmbh.de\/wp-content\/uploads\/2018\/06\/bhkw02.jpg\"><img loading=\"lazy\" decoding=\"async\" class=\"wp-image-13998 alignleft\" src=\"http:\/\/2018.vft-gmbh.de\/wp-content\/uploads\/2018\/06\/bhkw02.jpg\" alt=\"\" width=\"299\" height=\"224\" srcset=\"https:\/\/www.vft-gmbh.de\/wp-content\/uploads\/2018\/06\/bhkw02-300x225.jpg 300w, https:\/\/www.vft-gmbh.de\/wp-content\/uploads\/2018\/06\/bhkw02-768x575.jpg 768w, https:\/\/www.vft-gmbh.de\/wp-content\/uploads\/2018\/06\/bhkw02.jpg 1024w\" sizes=\"auto, (max-width: 299px) 100vw, 299px\" \/><\/a>Aufgrund der politischen Vorgaben ist die KWK-Technologie ein wichtiges Standbein der Energiewende. F\u00fcr KWK-Anlagen (Blockheizkraftwerke &#8211; BHKW) gibt es den so genannten KWK-Zuschlag gem\u00e4\u00df KWK-Gesetz. Experte Alexander Neumann erkl\u00e4rt die Einzelheiten.<\/p>\n<p>Der KWK-Zuschlag f\u00fcr Blockheizkraftwerke betr\u00e4gt aktuell 5,41 ct\/kWh f\u00fcr zehn Jahre f\u00fcr kleine Anlagen bis 50 kW elektrischer Leistung. Zus\u00e4tzlich zum KWK-Zuschlag erh\u00e4lt der Hausbesitzer f\u00fcr den eingespeisten Strom den \u00fcblichen Baseloadpreis der Leipziger Stromb\u00f6rse (EEX) sowie das vermiedene Netznutzungsentgelt.<\/p>\n<h2>BAFA-Zuschuss und KfW-Finanzierung<\/h2>\n<p>Dazu gibt es verschiedene staatliche und private F\u00f6rderungen die sich an den Anlagengr\u00f6\u00dfen und dem Einsatzzweck orientieren. Der Bundeszuschuss \u00fcber das BAfA f\u00fcr kleine 1kW-Anlagen betr\u00e4gt aktuell 1.900 Euro, \u00fcber die KfW k\u00f6nnen die Anlagen zinsg\u00fcnstig finanziert werden (KfW-Programm 270). Die KfW-F\u00f6rderung erhalten Hausbesitzer nicht nur f\u00fcr den Kaufpreis der KWK-Anlage. Die\u00a0F\u00f6rdermittel\u00a0umfassen auch den Aufbau der Anlage oder Erweiterungen f\u00fcr das\u00a0Blockheizkraftwerk. Wer f\u00fcr sein BHKW eine\u00a0F\u00f6rderung\u00a0der KfW in Anspruch nehmen m\u00f6chte, muss den Antrag vor Beginn der Investition stellen. Und zwar nicht direkt bei der KfW, sondern bei seiner Hausbank. Bis zu 100 Prozent ihrer Nettoinvestitionskosten k\u00f6nnen Hausbesitzer so finanzieren. Der Kredit l\u00e4uft in der Regel bis zu f\u00fcnf oder zehn Jahre, entsprechend k\u00f6nnen ein oder zwei tilgungsfreie Anlaufjahre vereinbart werden.<\/p>\n<h2>BHKW muss richtig dimensioniert werden<\/h2>\n<p>In vielen Bundesl\u00e4ndern, St\u00e4dten sowie von Energieversorgern gibt es zus\u00e4tzliche F\u00f6rderungen. Damit ein BHKW effizient und wirtschaftlich betrieben werden kann, muss sie f\u00fcr den jeweiligen Einsatzzweck richtig ausgelegt werden. Viele F\u00f6rderprogramme machen die F\u00f6rderung auch von einer guten Auslegung abh\u00e4ngig.\u00a0<strong>Unser Tipp:<\/strong>\u00a0Lassen Sie die Anlage im Vorfeld von uns richtig dimensionieren und sich eine nachvollziehbare Wirtschaftlichkeitsberechnung erstellen.<\/p>\n<h2>Voraussetzungen f\u00fcr die BAfA-F\u00f6rderung<\/h2>\n<p>Auch beim BAFA muss der Zuschuss vor Beginn der Ma\u00dfnahme beantragt werden. Voraussetzung f\u00fcr eine F\u00f6rderung der BHKW ist das Erf\u00fcllen anspruchsvoller Effizienzanforderungen des BHKW: Die Anforderungen der EU-KWK-Richtlinie f\u00fcr Kleinstanlagen m\u00fcssen deutlich \u00fcbertroffen werden. Die Prim\u00e4renergieeinsparung muss f\u00fcr KWK-Anlagen kleiner 10 kW mindestens 15 Prozent und f\u00fcr Anlagen von 10 kW bis einschlie\u00dflich 20 kW mindestens 20 Prozent betragen. Au\u00dferdem muss ein Gesamtjahresnutzungsgrad von mindestens 85 Prozent eingehalten werden.<\/p>\n<h2>Weitere Anforderungen sind das Vorhandensein<\/h2>\n<ul>\n<li>eines W\u00e4rmespeichers mit mindestens 60 Litern Volumen pro installierter Kilowatt thermisch,<\/li>\n<li>einer Steuerung und Regelung f\u00fcr eine w\u00e4rme- und stromgef\u00fchrte Betriebsweise inklusive eines intelligenten W\u00e4rmespeichermanagements<\/li>\n<li>von Informations- und Kommunikationstechnik bei Anlagen ab 10 Kilowatt elektrisch.<\/li>\n<\/ul>\n<\/div><div class=\"fusion-clearfix\"><\/div>\n\n\t\t\t\t\t<\/div>\n\t\t\t\t<\/div><\/div><\/div>\n","protected":false},"excerpt":{"rendered":"","protected":false},"author":1,"featured_media":0,"parent":0,"menu_order":2,"comment_status":"closed","ping_status":"closed","template":"","meta":{"footnotes":""},"class_list":["post-13996","page","type-page","status-publish","hentry"],"_links":{"self":[{"href":"https:\/\/www.vft-gmbh.de\/index.php?rest_route=\/wp\/v2\/pages\/13996","targetHints":{"allow":["GET"]}}],"collection":[{"href":"https:\/\/www.vft-gmbh.de\/index.php?rest_route=\/wp\/v2\/pages"}],"about":[{"href":"https:\/\/www.vft-gmbh.de\/index.php?rest_route=\/wp\/v2\/types\/page"}],"author":[{"embeddable":true,"href":"https:\/\/www.vft-gmbh.de\/index.php?rest_route=\/wp\/v2\/users\/1"}],"replies":[{"embeddable":true,"href":"https:\/\/www.vft-gmbh.de\/index.php?rest_route=%2Fwp%2Fv2%2Fcomments&post=13996"}],"version-history":[{"count":3,"href":"https:\/\/www.vft-gmbh.de\/index.php?rest_route=\/wp\/v2\/pages\/13996\/revisions"}],"predecessor-version":[{"id":14048,"href":"https:\/\/www.vft-gmbh.de\/index.php?rest_route=\/wp\/v2\/pages\/13996\/revisions\/14048"}],"wp:attachment":[{"href":"https:\/\/www.vft-gmbh.de\/index.php?rest_route=%2Fwp%2Fv2%2Fmedia&parent=13996"}],"curies":[{"name":"wp","href":"https:\/\/api.w.org\/{rel}","templated":true}]}}